{"id":11372,"date":"2025-03-20T12:24:29","date_gmt":"2025-03-20T11:24:29","guid":{"rendered":"https:\/\/edihadria.eu\/?page_id=11372"},"modified":"2026-03-21T10:35:53","modified_gmt":"2026-03-21T09:35:53","slug":"kontakt","status":"publish","type":"page","link":"https:\/\/edihadria.eu\/it\/kontakt\/","title":{"rendered":"Contatto"},"content":{"rendered":"<div data-elementor-type=\"wp-page\" data-elementor-id=\"11372\" class=\"elementor elementor-11372\" data-elementor-post-type=\"page\">\n\t\t\t\t\t\t<section class=\"elementor-section elementor-top-section elementor-element elementor-element-fccc63a elementor-section-height-min-height elementor-section-full_width elementor-section-height-default elementor-section-items-middle\" data-id=\"fccc63a\" data-element_type=\"section\" data-e-type=\"section\">\n\t\t\t\t\t\t<div class=\"elementor-container elementor-column-gap-no\">\n\t\t\t\t\t<div class=\"elementor-column elementor-col-50 elementor-top-column elementor-element elementor-element-45ad66c\" data-id=\"45ad66c\" data-element_type=\"column\" data-e-type=\"column\">\n\t\t\t<div class=\"elementor-widget-wrap elementor-element-populated\">\n\t\t\t\t\t\t<div class=\"elementor-element elementor-element-2847872 elementor-widget__width-initial elementor-widget elementor-widget-text-editor\" data-id=\"2847872\" data-element_type=\"widget\" data-e-type=\"widget\" data-widget_type=\"text-editor.default\">\n\t\t\t\t<div class=\"elementor-widget-container\">\n\t\t\t\t\t\t\t\t\t<p>Contatto<\/p>\t\t\t\t\t\t\t\t<\/div>\n\t\t\t\t<\/div>\n\t\t\t\t\t<\/div>\n\t\t<\/div>\n\t\t\t\t<div class=\"elementor-column elementor-col-50 elementor-top-column elementor-element elementor-element-fb92a12\" data-id=\"fb92a12\" data-element_type=\"column\" data-e-type=\"column\">\n\t\t\t<div class=\"elementor-widget-wrap elementor-element-populated\">\n\t\t\t\t\t\t<div class=\"elementor-element elementor-element-1d2d859 elementor-widget elementor-widget-image\" data-id=\"1d2d859\" data-element_type=\"widget\" data-e-type=\"widget\" data-widget_type=\"image.default\">\n\t\t\t\t<div class=\"elementor-widget-container\">\n\t\t\t\t\t\t\t\t\t\t\t\t\t\t\t<img fetchpriority=\"high\" decoding=\"async\" width=\"800\" height=\"160\" src=\"https:\/\/edihadria.eu\/wp-content\/uploads\/2023\/07\/x.png\" class=\"attachment-full size-full wp-image-2152\" alt=\"\" srcset=\"https:\/\/edihadria.eu\/wp-content\/uploads\/2023\/07\/x.png 800w, https:\/\/edihadria.eu\/wp-content\/uploads\/2023\/07\/x-300x60.png 300w, https:\/\/edihadria.eu\/wp-content\/uploads\/2023\/07\/x-768x154.png 768w\" sizes=\"(max-width: 800px) 100vw, 800px\" \/>\t\t\t\t\t\t\t\t\t\t\t\t\t\t\t<\/div>\n\t\t\t\t<\/div>\n\t\t\t\t\t<\/div>\n\t\t<\/div>\n\t\t\t\t\t<\/div>\n\t\t<\/section>\n\t\t<div class=\"elementor-element elementor-element-ff97541 e-flex e-con-boxed e-con e-parent\" data-id=\"ff97541\" data-element_type=\"container\" data-e-type=\"container\">\n\t\t\t\t\t<div class=\"e-con-inner\">\n\t\t\t\t<div class=\"elementor-element elementor-element-256297e elementor-widget elementor-widget-image\" data-id=\"256297e\" data-element_type=\"widget\" data-e-type=\"widget\" data-widget_type=\"image.default\">\n\t\t\t\t<div class=\"elementor-widget-container\">\n\t\t\t\t\t\t\t\t\t\t\t\t\t\t\t<img decoding=\"async\" width=\"1600\" height=\"24\" src=\"https:\/\/edihadria.eu\/wp-content\/uploads\/2023\/07\/02-03.png\" class=\"attachment-2048x2048 size-2048x2048 wp-image-2051\" alt=\"\" srcset=\"https:\/\/edihadria.eu\/wp-content\/uploads\/2023\/07\/02-03.png 1600w, https:\/\/edihadria.eu\/wp-content\/uploads\/2023\/07\/02-03-300x5.png 300w, https:\/\/edihadria.eu\/wp-content\/uploads\/2023\/07\/02-03-1024x15.png 1024w, https:\/\/edihadria.eu\/wp-content\/uploads\/2023\/07\/02-03-768x12.png 768w, https:\/\/edihadria.eu\/wp-content\/uploads\/2023\/07\/02-03-1536x23.png 1536w\" sizes=\"(max-width: 1600px) 100vw, 1600px\" \/>\t\t\t\t\t\t\t\t\t\t\t\t\t\t\t<\/div>\n\t\t\t\t<\/div>\n\t\t\t\t\t<\/div>\n\t\t\t\t<\/div>\n\t\t<div class=\"elementor-element elementor-element-cb3e27a e-flex e-con-boxed e-con e-parent\" data-id=\"cb3e27a\" data-element_type=\"container\" data-e-type=\"container\">\n\t\t\t\t\t<div class=\"e-con-inner\">\n\t\t<div class=\"elementor-element elementor-element-451667e e-con-full e-flex e-con e-child\" data-id=\"451667e\" data-element_type=\"container\" data-e-type=\"container\">\n\t\t\t\t<\/div>\n\t\t<div class=\"elementor-element elementor-element-b9792a6 e-con-full e-flex e-con e-child\" data-id=\"b9792a6\" data-element_type=\"container\" data-e-type=\"container\">\n\t\t\t\t<div class=\"elementor-element elementor-element-13b1857 elementor-widget elementor-widget-text-editor\" data-id=\"13b1857\" data-element_type=\"widget\" data-e-type=\"widget\" data-widget_type=\"text-editor.default\">\n\t\t\t\t<div class=\"elementor-widget-container\">\n\t\t\t\t\t\t\t\t\t<h2>Hai un'idea, una sfida o vuoi migliorare il tuo business con le tecnologie digitali e l'intelligenza artificiale?<\/h2>\t\t\t\t\t\t\t\t<\/div>\n\t\t\t\t<\/div>\n\t\t\t\t<\/div>\n\t\t\t\t\t<\/div>\n\t\t\t\t<\/div>\n\t\t<div class=\"elementor-element elementor-element-b7f6b2d e-flex e-con-boxed e-con e-parent\" data-id=\"b7f6b2d\" data-element_type=\"container\" data-e-type=\"container\">\n\t\t\t\t\t<div class=\"e-con-inner\">\n\t\t<div class=\"elementor-element elementor-element-dc4bfbe e-con-full e-flex e-con e-child\" data-id=\"dc4bfbe\" data-element_type=\"container\" data-e-type=\"container\">\n\t\t\t\t<div class=\"elementor-element elementor-element-54187af elementor-widget elementor-widget-text-editor\" data-id=\"54187af\" data-element_type=\"widget\" data-e-type=\"widget\" data-widget_type=\"text-editor.default\">\n\t\t\t\t<div class=\"elementor-widget-container\">\n\t\t\t\t\t\t\t\t\t<p style=\"text-align: right;\">Contattaci, insieme troveremo una soluzione per la trasformazione digitale del tuo business.<\/p>\t\t\t\t\t\t\t\t<\/div>\n\t\t\t\t<\/div>\n\t\t\t\t<div class=\"elementor-element elementor-element-68fca9e elementor-widget elementor-widget-image\" data-id=\"68fca9e\" data-element_type=\"widget\" data-e-type=\"widget\" data-widget_type=\"image.default\">\n\t\t\t\t<div class=\"elementor-widget-container\">\n\t\t\t\t\t\t\t\t\t\t\t\t\t\t\t<img decoding=\"async\" width=\"388\" height=\"6\" src=\"https:\/\/edihadria.eu\/wp-content\/uploads\/2025\/03\/Rectangle-213.jpg\" class=\"attachment-large size-large wp-image-11437\" alt=\"\" srcset=\"https:\/\/edihadria.eu\/wp-content\/uploads\/2025\/03\/Rectangle-213.jpg 388w, https:\/\/edihadria.eu\/wp-content\/uploads\/2025\/03\/Rectangle-213-300x5.jpg 300w, https:\/\/edihadria.eu\/wp-content\/uploads\/2025\/03\/Rectangle-213-18x1.jpg 18w\" sizes=\"(max-width: 388px) 100vw, 388px\" \/>\t\t\t\t\t\t\t\t\t\t\t\t\t\t\t<\/div>\n\t\t\t\t<\/div>\n\t\t\t\t<div class=\"elementor-element elementor-element-de16e7f elementor-widget elementor-widget-spacer\" data-id=\"de16e7f\" data-element_type=\"widget\" data-e-type=\"widget\" data-widget_type=\"spacer.default\">\n\t\t\t\t<div class=\"elementor-widget-container\">\n\t\t\t\t\t\t\t<div class=\"elementor-spacer\">\n\t\t\t<div class=\"elementor-spacer-inner\"><\/div>\n\t\t<\/div>\n\t\t\t\t\t\t<\/div>\n\t\t\t\t<\/div>\n\t\t\t\t<\/div>\n\t\t\t\t\t<\/div>\n\t\t\t\t<\/div>\n\t\t<div class=\"elementor-element elementor-element-482b07f e-flex e-con-boxed e-con e-parent\" data-id=\"482b07f\" data-element_type=\"container\" data-e-type=\"container\">\n\t\t\t\t\t<div class=\"e-con-inner\">\n\t\t<div class=\"elementor-element elementor-element-bb3b11c e-con-full e-flex e-con e-child\" data-id=\"bb3b11c\" data-element_type=\"container\" data-e-type=\"container\">\n\t\t\t\t<div class=\"elementor-element elementor-element-ebeff78 elementor-widget elementor-widget-text-editor\" data-id=\"ebeff78\" data-element_type=\"widget\" data-e-type=\"widget\" data-widget_type=\"text-editor.default\">\n\t\t\t\t<div class=\"elementor-widget-container\">\n\t\t\t\t\t\t\t\t\t<h2><strong>Facciamo il primo passo insieme<\/strong><\/h2>\t\t\t\t\t\t\t\t<\/div>\n\t\t\t\t<\/div>\n\t\t\t\t<div class=\"elementor-element elementor-element-ccd5836 elementor-widget__width-initial elementor-button-align-stretch elementor-widget elementor-widget-form\" data-id=\"ccd5836\" data-element_type=\"widget\" data-e-type=\"widget\" data-settings=\"{&quot;step_next_label&quot;:&quot;Next&quot;,&quot;step_previous_label&quot;:&quot;Previous&quot;,&quot;button_width&quot;:&quot;100&quot;,&quot;step_type&quot;:&quot;number_text&quot;,&quot;step_icon_shape&quot;:&quot;circle&quot;}\" data-widget_type=\"form.default\">\n\t\t\t\t<div class=\"elementor-widget-container\">\n\t\t\t\t\t\t\t<form class=\"elementor-form\" method=\"post\" name=\"Napravimo prvi korak zajedno\" aria-label=\"Facciamo il primo passo insieme\" action=\"\">\n\t\t\t<input type=\"hidden\" name=\"post_id\" value=\"11372\"\/>\n\t\t\t<input type=\"hidden\" name=\"form_id\" value=\"ccd5836\"\/>\n\t\t\t<input type=\"hidden\" name=\"referer_title\" value=\"Kontakt -\" \/>\n\n\t\t\t\t\t\t\t<input type=\"hidden\" name=\"queried_id\" value=\"11372\"\/>\n\t\t\t\n\t\t\t<div class=\"elementor-form-fields-wrapper elementor-labels-\">\n\t\t\t\t\t\t\t\t<div class=\"elementor-field-type-text elementor-field-group elementor-column elementor-field-group-field_9d1f1f8 elementor-col-100 elementor-field-required\">\n\t\t\t\t\t\t\t\t\t\t\t\t<label for=\"form-field-field_9d1f1f8\" class=\"elementor-field-label elementor-screen-only\">\n\t\t\t\t\t\t\t\tNome e cognome\t\t\t\t\t\t\t<\/label>\n\t\t\t\t\t\t\t\t\t\t\t\t\t\t<input size=\"1\" type=\"text\" name=\"form_fields[field_9d1f1f8]\" id=\"form-field-field_9d1f1f8\" class=\"elementor-field elementor-size-md  elementor-field-textual\" placeholder=\"Nome e cognome\" required=\"required\">\n\t\t\t\t\t\t\t\t\t\t\t<\/div>\n\t\t\t\t\t\t\t\t<div class=\"elementor-field-type-email elementor-field-group elementor-column elementor-field-group-email elementor-col-100 elementor-field-required\">\n\t\t\t\t\t\t\t\t\t\t\t\t<label for=\"form-field-email\" class=\"elementor-field-label elementor-screen-only\">\n\t\t\t\t\t\t\t\tE-mail\t\t\t\t\t\t\t<\/label>\n\t\t\t\t\t\t\t\t\t\t\t\t\t\t<input size=\"1\" type=\"email\" name=\"form_fields[email]\" id=\"form-field-email\" class=\"elementor-field elementor-size-md  elementor-field-textual\" placeholder=\"E-mail\" required=\"required\">\n\t\t\t\t\t\t\t\t\t\t\t<\/div>\n\t\t\t\t\t\t\t\t<div class=\"elementor-field-type-tel elementor-field-group elementor-column elementor-field-group-field_4848fc7 elementor-col-100\">\n\t\t\t\t\t\t\t\t\t\t\t\t<label for=\"form-field-field_4848fc7\" class=\"elementor-field-label elementor-screen-only\">\n\t\t\t\t\t\t\t\tNumero di contatto\t\t\t\t\t\t\t<\/label>\n\t\t\t\t\t\t\t\t<input size=\"1\" type=\"tel\" name=\"form_fields[field_4848fc7]\" id=\"form-field-field_4848fc7\" class=\"elementor-field elementor-size-md  elementor-field-textual\" placeholder=\"Numero di contatto\" pattern=\"[0-9()#&amp;+*-=.]+\" title=\"Solo numeri e caratteri telefonici#, -, *, ecc) sono accettati.\">\n\n\t\t\t\t\t\t<\/div>\n\t\t\t\t\t\t\t\t<div class=\"elementor-field-group elementor-column elementor-field-type-submit elementor-col-100 e-form__buttons\">\n\t\t\t\t\t<button class=\"elementor-button elementor-size-sm\" type=\"submit\">\n\t\t\t\t\t\t<span class=\"elementor-button-content-wrapper\">\n\t\t\t\t\t\t\t\t\t\t\t\t\t\t\t\t\t\t\t\t\t\t<span class=\"elementor-button-text\">Iniziamo<\/span>\n\t\t\t\t\t\t\t\t\t\t\t\t\t<\/span>\n\t\t\t\t\t<\/button>\n\t\t\t\t<\/div>\n\t\t\t<\/div>\n\t\t<input type=\"hidden\" name=\"etm-form-language\" value=\"it\"\/><\/form>\n\t\t\t\t\t\t<\/div>\n\t\t\t\t<\/div>\n\t\t\t\t<\/div>\n\t\t<div class=\"elementor-element elementor-element-a49977e e-con-full e-flex e-con e-child\" data-id=\"a49977e\" data-element_type=\"container\" data-e-type=\"container\">\n\t\t<div class=\"elementor-element elementor-element-b46d78d e-con-full e-flex e-con e-child\" data-id=\"b46d78d\" data-element_type=\"container\" data-e-type=\"container\">\n\t\t\t\t<div class=\"elementor-element elementor-element-e3e49c2 elementor-widget elementor-widget-spacer\" data-id=\"e3e49c2\" data-element_type=\"widget\" data-e-type=\"widget\" data-widget_type=\"spacer.default\">\n\t\t\t\t<div class=\"elementor-widget-container\">\n\t\t\t\t\t\t\t<div class=\"elementor-spacer\">\n\t\t\t<div class=\"elementor-spacer-inner\"><\/div>\n\t\t<\/div>\n\t\t\t\t\t\t<\/div>\n\t\t\t\t<\/div>\n\t\t\t\t<div class=\"elementor-element elementor-element-7d15c8e elementor-widget elementor-widget-text-editor\" data-id=\"7d15c8e\" data-element_type=\"widget\" data-e-type=\"widget\" data-widget_type=\"text-editor.default\">\n\t\t\t\t<div class=\"elementor-widget-container\">\n\t\t\t\t\t\t\t\t\t<h2 style=\"text-align: center;\"><a href=\"mailto:info@edihadria.eu\">info@edihadria.eu<\/a><\/h2>\t\t\t\t\t\t\t\t<\/div>\n\t\t\t\t<\/div>\n\t\t\t\t<\/div>\n\t\t<div class=\"elementor-element elementor-element-3e48077 e-con-full e-flex e-con e-child\" data-id=\"3e48077\" data-element_type=\"container\" data-e-type=\"container\">\n\t\t<div class=\"elementor-element elementor-element-7b55282 e-con-full e-flex e-con e-child\" data-id=\"7b55282\" data-element_type=\"container\" data-e-type=\"container\">\n\t\t\t\t<div class=\"elementor-element elementor-element-0e11b58 elementor-shape-circle elementor-grid-0 e-grid-align-center elementor-widget elementor-widget-social-icons\" data-id=\"0e11b58\" data-element_type=\"widget\" data-e-type=\"widget\" data-widget_type=\"social-icons.default\">\n\t\t\t\t<div class=\"elementor-widget-container\">\n\t\t\t\t\t\t\t<div class=\"elementor-social-icons-wrapper elementor-grid\" role=\"list\">\n\t\t\t\t\t\t\t<span class=\"elementor-grid-item\" role=\"listitem\">\n\t\t\t\t\t<a class=\"elementor-icon elementor-social-icon elementor-social-icon-linkedin elementor-repeater-item-7bf92de\" href=\"https:\/\/www.linkedin.com\/company\/90884075\" target=\"_blank\">\n\t\t\t\t\t\t<span class=\"elementor-screen-only\">Linkedin<\/span>\n\t\t\t\t\t\t<svg aria-hidden=\"true\" class=\"e-font-icon-svg e-fab-linkedin\" viewbox=\"0 0 448 512\" xmlns=\"http:\/\/www.w3.org\/2000\/svg\"><path d=\"M416 32H31.9C14.3 32 0 46.5 0 64.3v383.4C0 465.5 14.3 480 31.9 480H416c17.6 0 32-14.5 32-32.3V64.3c0-17.8-14.4-32.3-32-32.3zM135.4 416H69V202.2h66.5V416zm-33.2-243c-21.3 0-38.5-17.3-38.5-38.5S80.9 96 102.2 96c21.2 0 38.5 17.3 38.5 38.5 0 21.3-17.2 38.5-38.5 38.5zm282.1 243h-66.4V312c0-24.8-.5-56.7-34.5-56.7-34.6 0-39.9 27-39.9 54.9V416h-66.4V202.2h63.7v29.2h.9c8.9-16.8 30.6-34.5 62.9-34.5 67.2 0 79.7 44.3 79.7 101.9V416z\"><\/path><\/svg>\t\t\t\t\t<\/a>\n\t\t\t\t<\/span>\n\t\t\t\t\t\t\t<span class=\"elementor-grid-item\" role=\"listitem\">\n\t\t\t\t\t<a class=\"elementor-icon elementor-social-icon elementor-social-icon-youtube elementor-repeater-item-be1e4fe\" href=\"https:\/\/www.youtube.com\/@edihadria\" target=\"_blank\">\n\t\t\t\t\t\t<span class=\"elementor-screen-only\">Youtube<\/span>\n\t\t\t\t\t\t<svg aria-hidden=\"true\" class=\"e-font-icon-svg e-fab-youtube\" viewbox=\"0 0 576 512\" xmlns=\"http:\/\/www.w3.org\/2000\/svg\"><path d=\"M549.655 124.083c-6.281-23.65-24.787-42.276-48.284-48.597C458.781 64 288 64 288 64S117.22 64 74.629 75.486c-23.497 6.322-42.003 24.947-48.284 48.597-11.412 42.867-11.412 132.305-11.412 132.305s0 89.438 11.412 132.305c6.281 23.65 24.787 41.5 48.284 47.821C117.22 448 288 448 288 448s170.78 0 213.371-11.486c23.497-6.321 42.003-24.171 48.284-47.821 11.412-42.867 11.412-132.305 11.412-132.305s0-89.438-11.412-132.305zm-317.51 213.508V175.185l142.739 81.205-142.739 81.201z\"><\/path><\/svg>\t\t\t\t\t<\/a>\n\t\t\t\t<\/span>\n\t\t\t\t\t<\/div>\n\t\t\t\t\t\t<\/div>\n\t\t\t\t<\/div>\n\t\t\t\t<\/div>\n\t\t\t\t<\/div>\n\t\t\t\t<\/div>\n\t\t\t\t\t<\/div>\n\t\t\t\t<\/div>\n\t\t<div class=\"elementor-element elementor-element-be618d1 e-flex e-con-boxed e-con e-parent\" data-id=\"be618d1\" data-element_type=\"container\" data-e-type=\"container\">\n\t\t\t\t\t<div class=\"e-con-inner\">\n\t\t\t\t<div class=\"elementor-element elementor-element-01a5916 elementor-widget elementor-widget-spacer\" data-id=\"01a5916\" data-element_type=\"widget\" data-e-type=\"widget\" data-widget_type=\"spacer.default\">\n\t\t\t\t<div class=\"elementor-widget-container\">\n\t\t\t\t\t\t\t<div class=\"elementor-spacer\">\n\t\t\t<div class=\"elementor-spacer-inner\"><\/div>\n\t\t<\/div>\n\t\t\t\t\t\t<\/div>\n\t\t\t\t<\/div>\n\t\t\t\t\t<\/div>\n\t\t\t\t<\/div>\n\t\t\t\t<\/div>","protected":false},"excerpt":{"rendered":"<p>Contatto Hai un'idea, una sfida o vuoi migliorare il tuo business con le tecnologie digitali e l'intelligenza artificiale? Contattaci, insieme troveremo una soluzione per la trasformazione digitale del tuo business. Facciamo il primo passo insieme info@edihadria.eu Linkedin Youtube<\/p>","protected":false},"author":23,"featured_media":0,"parent":0,"menu_order":0,"comment_status":"closed","ping_status":"closed","template":"elementor_header_footer","meta":{"footnotes":""},"class_list":["post-11372","page","type-page","status-publish","hentry"],"yoast_head":"<!-- This site is optimized with the Yoast SEO plugin v27.4 - https:\/\/yoast.com\/product\/yoast-seo-wordpress\/ -->\n<title>Kontakt -<\/title>\n<meta name=\"robots\" content=\"index, follow, max-snippet:-1, max-image-preview:large, max-video-preview:-1\" \/>\n<link rel=\"canonical\" href=\"https:\/\/edihadria.eu\/it\/kontakt\/\" \/>\n<meta property=\"og:locale\" content=\"it_IT\" \/>\n<meta property=\"og:type\" content=\"article\" \/>\n<meta property=\"og:title\" content=\"Kontakt -\" \/>\n<meta property=\"og:description\" content=\"Kontakt Imate ideju, izazov ili \u017eelite unaprijediti poslovanje uz digitalne tehnologije i umjetnu inteligenciju? Javite nam se, zajedno \u0107emo prona\u0107i rje\u0161enje za digitalnu transformaciju va\u0161eg poslovanja. Napravimo prvi korak zajedno info@edihadria.eu Linkedin Youtube\" \/>\n<meta property=\"og:url\" content=\"https:\/\/edihadria.eu\/it\/kontakt\/\" \/>\n<meta property=\"article:modified_time\" content=\"2026-03-21T09:35:53+00:00\" \/>\n<meta property=\"og:image\" content=\"https:\/\/edihadria.eu\/wp-content\/uploads\/2023\/07\/x.png\" \/>\n\t<meta property=\"og:image:width\" content=\"800\" \/>\n\t<meta property=\"og:image:height\" content=\"160\" \/>\n\t<meta property=\"og:image:type\" content=\"image\/png\" \/>\n<meta name=\"twitter:card\" content=\"summary_large_image\" \/>\n<meta name=\"twitter:label1\" content=\"Tempo di lettura stimato\" \/>\n\t<meta name=\"twitter:data1\" content=\"1 minute\" \/>\n<script type=\"application\/ld+json\" class=\"yoast-schema-graph\">{\"@context\":\"https:\\\/\\\/schema.org\",\"@graph\":[{\"@type\":\"WebPage\",\"@id\":\"https:\\\/\\\/edihadria.eu\\\/kontakt\\\/\",\"url\":\"https:\\\/\\\/edihadria.eu\\\/kontakt\\\/\",\"name\":\"Kontakt -\",\"isPartOf\":{\"@id\":\"https:\\\/\\\/edihadria.eu\\\/#website\"},\"primaryImageOfPage\":{\"@id\":\"https:\\\/\\\/edihadria.eu\\\/kontakt\\\/#primaryimage\"},\"image\":{\"@id\":\"https:\\\/\\\/edihadria.eu\\\/kontakt\\\/#primaryimage\"},\"thumbnailUrl\":\"https:\\\/\\\/edihadria.eu\\\/wp-content\\\/uploads\\\/2023\\\/07\\\/x.png\",\"datePublished\":\"2025-03-20T11:24:29+00:00\",\"dateModified\":\"2026-03-21T09:35:53+00:00\",\"breadcrumb\":{\"@id\":\"https:\\\/\\\/edihadria.eu\\\/kontakt\\\/#breadcrumb\"},\"inLanguage\":\"it-IT\",\"potentialAction\":[{\"@type\":\"ReadAction\",\"target\":[\"https:\\\/\\\/edihadria.eu\\\/kontakt\\\/\"]}]},{\"@type\":\"ImageObject\",\"inLanguage\":\"it-IT\",\"@id\":\"https:\\\/\\\/edihadria.eu\\\/kontakt\\\/#primaryimage\",\"url\":\"https:\\\/\\\/edihadria.eu\\\/wp-content\\\/uploads\\\/2023\\\/07\\\/x.png\",\"contentUrl\":\"https:\\\/\\\/edihadria.eu\\\/wp-content\\\/uploads\\\/2023\\\/07\\\/x.png\"},{\"@type\":\"BreadcrumbList\",\"@id\":\"https:\\\/\\\/edihadria.eu\\\/kontakt\\\/#breadcrumb\",\"itemListElement\":[{\"@type\":\"ListItem\",\"position\":1,\"name\":\"Po\u010detna stranica\",\"item\":\"https:\\\/\\\/edihadria.eu\\\/\"},{\"@type\":\"ListItem\",\"position\":2,\"name\":\"Kontakt\"}]},{\"@type\":\"WebSite\",\"@id\":\"https:\\\/\\\/edihadria.eu\\\/#website\",\"url\":\"https:\\\/\\\/edihadria.eu\\\/\",\"name\":\"\",\"description\":\"\",\"potentialAction\":[{\"@type\":\"SearchAction\",\"target\":{\"@type\":\"EntryPoint\",\"urlTemplate\":\"https:\\\/\\\/edihadria.eu\\\/?s={search_term_string}\"},\"query-input\":{\"@type\":\"PropertyValueSpecification\",\"valueRequired\":true,\"valueName\":\"search_term_string\"}}],\"inLanguage\":\"it-IT\"}]}<\/script>\n<!-- \/ Yoast SEO plugin. -->","yoast_head_json":{"title":"Kontakt -","robots":{"index":"index","follow":"follow","max-snippet":"max-snippet:-1","max-image-preview":"max-image-preview:large","max-video-preview":"max-video-preview:-1"},"canonical":"https:\/\/edihadria.eu\/it\/kontakt\/","og_locale":"it_IT","og_type":"article","og_title":"Kontakt -","og_description":"Kontakt Imate ideju, izazov ili \u017eelite unaprijediti poslovanje uz digitalne tehnologije i umjetnu inteligenciju? Javite nam se, zajedno \u0107emo prona\u0107i rje\u0161enje za digitalnu transformaciju va\u0161eg poslovanja. Napravimo prvi korak zajedno info@edihadria.eu Linkedin Youtube","og_url":"https:\/\/edihadria.eu\/it\/kontakt\/","article_modified_time":"2026-03-21T09:35:53+00:00","og_image":[{"width":800,"height":160,"url":"https:\/\/edihadria.eu\/wp-content\/uploads\/2023\/07\/x.png","type":"image\/png"}],"twitter_card":"summary_large_image","twitter_misc":{"Tempo di lettura stimato":"1 minute"},"schema":{"@context":"https:\/\/schema.org","@graph":[{"@type":"WebPage","@id":"https:\/\/edihadria.eu\/kontakt\/","url":"https:\/\/edihadria.eu\/kontakt\/","name":"Kontakt -","isPartOf":{"@id":"https:\/\/edihadria.eu\/#website"},"primaryImageOfPage":{"@id":"https:\/\/edihadria.eu\/kontakt\/#primaryimage"},"image":{"@id":"https:\/\/edihadria.eu\/kontakt\/#primaryimage"},"thumbnailUrl":"https:\/\/edihadria.eu\/wp-content\/uploads\/2023\/07\/x.png","datePublished":"2025-03-20T11:24:29+00:00","dateModified":"2026-03-21T09:35:53+00:00","breadcrumb":{"@id":"https:\/\/edihadria.eu\/kontakt\/#breadcrumb"},"inLanguage":"it-IT","potentialAction":[{"@type":"ReadAction","target":["https:\/\/edihadria.eu\/kontakt\/"]}]},{"@type":"ImageObject","inLanguage":"it-IT","@id":"https:\/\/edihadria.eu\/kontakt\/#primaryimage","url":"https:\/\/edihadria.eu\/wp-content\/uploads\/2023\/07\/x.png","contentUrl":"https:\/\/edihadria.eu\/wp-content\/uploads\/2023\/07\/x.png"},{"@type":"BreadcrumbList","@id":"https:\/\/edihadria.eu\/kontakt\/#breadcrumb","itemListElement":[{"@type":"ListItem","position":1,"name":"Po\u010detna stranica","item":"https:\/\/edihadria.eu\/"},{"@type":"ListItem","position":2,"name":"Kontakt"}]},{"@type":"WebSite","@id":"https:\/\/edihadria.eu\/#website","url":"https:\/\/edihadria.eu\/","name":"","description":"","potentialAction":[{"@type":"SearchAction","target":{"@type":"EntryPoint","urlTemplate":"https:\/\/edihadria.eu\/?s={search_term_string}"},"query-input":{"@type":"PropertyValueSpecification","valueRequired":true,"valueName":"search_term_string"}}],"inLanguage":"it-IT"}]}},"_links":{"self":[{"href":"https:\/\/edihadria.eu\/it\/wp-json\/wp\/v2\/pages\/11372","targetHints":{"allow":["GET"]}}],"collection":[{"href":"https:\/\/edihadria.eu\/it\/wp-json\/wp\/v2\/pages"}],"about":[{"href":"https:\/\/edihadria.eu\/it\/wp-json\/wp\/v2\/types\/page"}],"author":[{"embeddable":true,"href":"https:\/\/edihadria.eu\/it\/wp-json\/wp\/v2\/users\/23"}],"replies":[{"embeddable":true,"href":"https:\/\/edihadria.eu\/it\/wp-json\/wp\/v2\/comments?post=11372"}],"version-history":[{"count":252,"href":"https:\/\/edihadria.eu\/it\/wp-json\/wp\/v2\/pages\/11372\/revisions"}],"predecessor-version":[{"id":12623,"href":"https:\/\/edihadria.eu\/it\/wp-json\/wp\/v2\/pages\/11372\/revisions\/12623"}],"wp:attachment":[{"href":"https:\/\/edihadria.eu\/it\/wp-json\/wp\/v2\/media?parent=11372"}],"curies":[{"name":"wp","href":"https:\/\/api.w.org\/{rel}","templated":true}]}}