{"id":2525,"date":"2023-07-12T21:30:06","date_gmt":"2023-07-12T19:30:06","guid":{"rendered":"https:\/\/edihadria.eu\/?page_id=2525"},"modified":"2024-10-23T11:58:30","modified_gmt":"2024-10-23T09:58:30","slug":"test-before-invest","status":"publish","type":"page","link":"https:\/\/edihadria.eu\/it\/test-before-invest\/","title":{"rendered":"Test prima di investire"},"content":{"rendered":"<div data-elementor-type=\"wp-page\" data-elementor-id=\"2525\" class=\"elementor elementor-2525\" data-elementor-post-type=\"page\">\n\t\t\t\t\t\t<section class=\"elementor-section elementor-top-section elementor-element elementor-element-3a5ef2e elementor-section-boxed elementor-section-height-default elementor-section-height-default\" data-id=\"3a5ef2e\" data-element_type=\"section\" data-e-type=\"section\">\n\t\t\t\t\t\t<div class=\"elementor-container elementor-column-gap-no\">\n\t\t\t\t\t<div class=\"elementor-column elementor-col-50 elementor-top-column elementor-element elementor-element-008220d\" data-id=\"008220d\" data-element_type=\"column\" data-e-type=\"column\">\n\t\t\t<div class=\"elementor-widget-wrap elementor-element-populated\">\n\t\t\t\t\t\t<div class=\"elementor-element elementor-element-94a161e elementor-widget__width-initial elementor-widget elementor-widget-text-editor\" data-id=\"94a161e\" data-element_type=\"widget\" data-e-type=\"widget\" data-widget_type=\"text-editor.default\">\n\t\t\t\t<div class=\"elementor-widget-container\">\n\t\t\t\t\t\t\t\t\t<p>I nostri servizi<\/p>\t\t\t\t\t\t\t\t<\/div>\n\t\t\t\t<\/div>\n\t\t\t\t<div class=\"elementor-element elementor-element-81050a6 elementor-widget__width-initial elementor-widget elementor-widget-text-editor\" data-id=\"81050a6\" data-element_type=\"widget\" data-e-type=\"widget\" data-widget_type=\"text-editor.default\">\n\t\t\t\t<div class=\"elementor-widget-container\">\n\t\t\t\t\t\t\t\t\t<p><span style=\"color: #202000;\">Test prima di investire<\/span><\/p>\t\t\t\t\t\t\t\t<\/div>\n\t\t\t\t<\/div>\n\t\t\t\t\t<\/div>\n\t\t<\/div>\n\t\t\t\t<div class=\"elementor-column elementor-col-50 elementor-top-column elementor-element elementor-element-87fa703\" data-id=\"87fa703\" data-element_type=\"column\" data-e-type=\"column\">\n\t\t\t<div class=\"elementor-widget-wrap elementor-element-populated\">\n\t\t\t\t\t\t<div class=\"elementor-element elementor-element-7ae64ba elementor-widget elementor-widget-image\" data-id=\"7ae64ba\" data-element_type=\"widget\" data-e-type=\"widget\" data-widget_type=\"image.default\">\n\t\t\t\t<div class=\"elementor-widget-container\">\n\t\t\t\t\t\t\t\t\t\t\t\t\t\t\t<img fetchpriority=\"high\" decoding=\"async\" width=\"833\" height=\"160\" src=\"https:\/\/edihadria.eu\/wp-content\/uploads\/2023\/07\/07.png\" class=\"attachment-full size-full wp-image-2528\" alt=\"\" srcset=\"https:\/\/edihadria.eu\/wp-content\/uploads\/2023\/07\/07.png 833w, https:\/\/edihadria.eu\/wp-content\/uploads\/2023\/07\/07-300x58.png 300w, https:\/\/edihadria.eu\/wp-content\/uploads\/2023\/07\/07-768x148.png 768w\" sizes=\"(max-width: 833px) 100vw, 833px\" \/>\t\t\t\t\t\t\t\t\t\t\t\t\t\t\t<\/div>\n\t\t\t\t<\/div>\n\t\t\t\t\t<\/div>\n\t\t<\/div>\n\t\t\t\t\t<\/div>\n\t\t<\/section>\n\t\t<div class=\"elementor-element elementor-element-ba6ccc0 e-flex e-con-boxed e-con e-parent\" data-id=\"ba6ccc0\" data-element_type=\"container\" data-e-type=\"container\">\n\t\t\t\t\t<div class=\"e-con-inner\">\n\t\t\t\t<div class=\"elementor-element elementor-element-e9235d5 elementor-widget elementor-widget-image\" data-id=\"e9235d5\" data-element_type=\"widget\" data-e-type=\"widget\" data-widget_type=\"image.default\">\n\t\t\t\t<div class=\"elementor-widget-container\">\n\t\t\t\t\t\t\t\t\t\t\t\t\t\t\t<img decoding=\"async\" width=\"1600\" height=\"24\" src=\"https:\/\/edihadria.eu\/wp-content\/uploads\/2023\/07\/07-02.png\" class=\"attachment-full size-full wp-image-2535\" alt=\"\" srcset=\"https:\/\/edihadria.eu\/wp-content\/uploads\/2023\/07\/07-02.png 1600w, https:\/\/edihadria.eu\/wp-content\/uploads\/2023\/07\/07-02-300x5.png 300w, https:\/\/edihadria.eu\/wp-content\/uploads\/2023\/07\/07-02-1024x15.png 1024w, https:\/\/edihadria.eu\/wp-content\/uploads\/2023\/07\/07-02-768x12.png 768w, https:\/\/edihadria.eu\/wp-content\/uploads\/2023\/07\/07-02-1536x23.png 1536w\" sizes=\"(max-width: 1600px) 100vw, 1600px\" \/>\t\t\t\t\t\t\t\t\t\t\t\t\t\t\t<\/div>\n\t\t\t\t<\/div>\n\t\t\t\t\t<\/div>\n\t\t\t\t<\/div>\n\t\t\t\t<section class=\"elementor-section elementor-top-section elementor-element elementor-element-bf8029d elementor-section-boxed elementor-section-height-default elementor-section-height-default\" data-id=\"bf8029d\" data-element_type=\"section\" data-e-type=\"section\">\n\t\t\t\t\t\t<div class=\"elementor-container elementor-column-gap-no\">\n\t\t\t\t\t<div class=\"elementor-column elementor-col-50 elementor-top-column elementor-element elementor-element-18a2833\" data-id=\"18a2833\" data-element_type=\"column\" data-e-type=\"column\">\n\t\t\t<div class=\"elementor-widget-wrap elementor-element-populated\">\n\t\t\t\t\t\t<div class=\"elementor-element elementor-element-dc55ec9 elementor-widget__width-initial elementor-widget-mobile__width-inherit elementor-widget elementor-widget-text-editor\" data-id=\"dc55ec9\" data-element_type=\"widget\" data-e-type=\"widget\" data-widget_type=\"text-editor.default\">\n\t\t\t\t<div class=\"elementor-widget-container\">\n\t\t\t\t\t\t\t\t\t<p>Test before Invest \u00e8 l'attivit\u00e0 centrale di EDIH Adria, e implica il sostegno al settore privato e pubblico in termini di <!--StartFragment --><span class=\"cf0\">testare l'applicazione della tecnologia prima di investire, utilizzando le conoscenze, le competenze e le competenze dei membri del team di progetto e le attrezzature pertinenti;<\/span>. L'approccio dei nostri esperti sar\u00e0 adattato alle esigenze di ogni organizzazione e ai suoi obiettivi a lungo termine.<\/p>\t\t\t\t\t\t\t\t<\/div>\n\t\t\t\t<\/div>\n\t\t\t\t\t<\/div>\n\t\t<\/div>\n\t\t\t\t<div class=\"elementor-column elementor-col-50 elementor-top-column elementor-element elementor-element-0c82fdf\" data-id=\"0c82fdf\" data-element_type=\"column\" data-e-type=\"column\">\n\t\t\t<div class=\"elementor-widget-wrap elementor-element-populated\">\n\t\t\t\t\t\t<div class=\"elementor-element elementor-element-8895527 elementor-widget-mobile__width-inherit elementor-widget elementor-widget-image\" data-id=\"8895527\" data-element_type=\"widget\" data-e-type=\"widget\" data-widget_type=\"image.default\">\n\t\t\t\t<div class=\"elementor-widget-container\">\n\t\t\t\t\t\t\t\t\t\t\t\t\t\t\t<img decoding=\"async\" width=\"349\" height=\"339\" src=\"https:\/\/edihadria.eu\/wp-content\/uploads\/2023\/07\/Roboti-03.png\" class=\"attachment-full size-full wp-image-3543\" alt=\"\" srcset=\"https:\/\/edihadria.eu\/wp-content\/uploads\/2023\/07\/Roboti-03.png 349w, https:\/\/edihadria.eu\/wp-content\/uploads\/2023\/07\/Roboti-03-300x291.png 300w\" sizes=\"(max-width: 349px) 100vw, 349px\" \/>\t\t\t\t\t\t\t\t\t\t\t\t\t\t\t<\/div>\n\t\t\t\t<\/div>\n\t\t\t\t\t<\/div>\n\t\t<\/div>\n\t\t\t\t\t<\/div>\n\t\t<\/section>\n\t\t<div class=\"elementor-element elementor-element-c23d0d9 e-flex e-con-boxed e-con e-parent\" data-id=\"c23d0d9\" data-element_type=\"container\" data-e-type=\"container\">\n\t\t\t\t\t<div class=\"e-con-inner\">\n\t\t\t\t<div class=\"elementor-element elementor-element-431dcf3 elementor-widget elementor-widget-text-editor\" data-id=\"431dcf3\" data-element_type=\"widget\" data-e-type=\"widget\" data-widget_type=\"text-editor.default\">\n\t\t\t\t<div class=\"elementor-widget-container\">\n\t\t\t\t\t\t\t\t\t<p>L'utente \u00e8 al centro, il tutto al fine di creare il percorso verso la trasformazione digitale nel miglior modo possibile. <!--StartFragment --><\/p><p class=\"pf0\"><span class=\"cf0\">L'iniziativa \u00e8 avviata dall'utente e, a seconda delle esigenze e del livello di competenza e prontezza digitale, gli esperti di EDIH Adria proporranno soluzioni appropriate per testare la tecnologia digitale su misura per ogni singolo utente.<\/span><\/p><p><!--EndFragment --><\/p>\t\t\t\t\t\t\t\t<\/div>\n\t\t\t\t<\/div>\n\t\t\t\t\t<\/div>\n\t\t\t\t<\/div>\n\t\t<div class=\"elementor-element elementor-element-6e1d39d e-flex e-con-boxed e-con e-parent\" data-id=\"6e1d39d\" data-element_type=\"container\" data-e-type=\"container\">\n\t\t\t\t\t<div class=\"e-con-inner\">\n\t\t\t\t<div class=\"elementor-element elementor-element-36dd9e6 elementor-widget elementor-widget-image\" data-id=\"36dd9e6\" data-element_type=\"widget\" data-e-type=\"widget\" data-widget_type=\"image.default\">\n\t\t\t\t<div class=\"elementor-widget-container\">\n\t\t\t\t\t\t\t\t\t\t\t\t\t\t\t<img loading=\"lazy\" decoding=\"async\" width=\"1600\" height=\"24\" src=\"https:\/\/edihadria.eu\/wp-content\/uploads\/2023\/07\/07-03.png\" class=\"attachment-full size-full wp-image-2549\" alt=\"\" srcset=\"https:\/\/edihadria.eu\/wp-content\/uploads\/2023\/07\/07-03.png 1600w, https:\/\/edihadria.eu\/wp-content\/uploads\/2023\/07\/07-03-300x5.png 300w, https:\/\/edihadria.eu\/wp-content\/uploads\/2023\/07\/07-03-1024x15.png 1024w, https:\/\/edihadria.eu\/wp-content\/uploads\/2023\/07\/07-03-768x12.png 768w, https:\/\/edihadria.eu\/wp-content\/uploads\/2023\/07\/07-03-1536x23.png 1536w\" sizes=\"(max-width: 1600px) 100vw, 1600px\" \/>\t\t\t\t\t\t\t\t\t\t\t\t\t\t\t<\/div>\n\t\t\t\t<\/div>\n\t\t\t\t\t<\/div>\n\t\t\t\t<\/div>\n\t\t<div class=\"elementor-element elementor-element-c3a7444 e-flex e-con-boxed e-con e-parent\" data-id=\"c3a7444\" data-element_type=\"container\" data-e-type=\"container\">\n\t\t\t\t\t<div class=\"e-con-inner\">\n\t\t\t\t<div class=\"elementor-element elementor-element-c7a67b3 elementor-widget elementor-widget-text-editor\" data-id=\"c7a67b3\" data-element_type=\"widget\" data-e-type=\"widget\" data-widget_type=\"text-editor.default\">\n\t\t\t\t<div class=\"elementor-widget-container\">\n\t\t\t\t\t\t\t\t\t<p>Al fine di garantire un'implementazione di successo, EDIH Adria consente <strong>Testare prima di investire il supporto per la trasformazione digitale<\/strong> per le aziende che vogliono migliorare il proprio business con le tecnologie digitali; e <strong>Testare prima di investire il supporto per nuovi prodotti e servizi<\/strong> per le aziende IT che sviluppano nuove soluzioni.<\/p>\t\t\t\t\t\t\t\t<\/div>\n\t\t\t\t<\/div>\n\t\t\t\t\t<\/div>\n\t\t\t\t<\/div>\n\t\t\t\t<section class=\"elementor-section elementor-top-section elementor-element elementor-element-cb99a5d elementor-hidden-desktop elementor-hidden-tablet elementor-section-boxed elementor-section-height-default elementor-section-height-default\" data-id=\"cb99a5d\" data-element_type=\"section\" data-e-type=\"section\">\n\t\t\t\t\t\t<div class=\"elementor-container elementor-column-gap-no\">\n\t\t\t\t\t<div class=\"elementor-column elementor-col-50 elementor-top-column elementor-element elementor-element-8759835\" data-id=\"8759835\" data-element_type=\"column\" data-e-type=\"column\" data-settings=\"{&quot;background_background&quot;:&quot;classic&quot;}\">\n\t\t\t<div class=\"elementor-widget-wrap elementor-element-populated\">\n\t\t\t\t\t\t<div class=\"elementor-element elementor-element-3b1436e elementor-widget elementor-widget-heading\" data-id=\"3b1436e\" data-element_type=\"widget\" data-e-type=\"widget\" data-widget_type=\"heading.default\">\n\t\t\t\t<div class=\"elementor-widget-container\">\n\t\t\t\t\t<h1 class=\"elementor-heading-title elementor-size-default\"><a href=\"https:\/\/edihadria.eu\/it\/test-before-invest-podrska-za-digitalnu-transformaciju\/\">Testare prima di investire il supporto per la trasformazione digitale<\/a><\/h1>\t\t\t\t<\/div>\n\t\t\t\t<\/div>\n\t\t\t\t<div class=\"elementor-element elementor-element-ae16bc2 elementor-widget-divider--view-line elementor-invisible elementor-widget elementor-widget-divider\" data-id=\"ae16bc2\" data-element_type=\"widget\" data-e-type=\"widget\" data-settings=\"{&quot;_animation&quot;:&quot;slideInLeft&quot;}\" data-widget_type=\"divider.default\">\n\t\t\t\t<div class=\"elementor-widget-container\">\n\t\t\t\t\t\t\t<div class=\"elementor-divider\">\n\t\t\t<span class=\"elementor-divider-separator\">\n\t\t\t\t\t\t<\/span>\n\t\t<\/div>\n\t\t\t\t\t\t<\/div>\n\t\t\t\t<\/div>\n\t\t\t\t\t<\/div>\n\t\t<\/div>\n\t\t\t\t<div class=\"elementor-column elementor-col-50 elementor-top-column elementor-element elementor-element-d683dfd\" data-id=\"d683dfd\" data-element_type=\"column\" data-e-type=\"column\" data-settings=\"{&quot;background_background&quot;:&quot;classic&quot;}\">\n\t\t\t<div class=\"elementor-widget-wrap elementor-element-populated\">\n\t\t\t\t\t\t<div class=\"elementor-element elementor-element-016c688 elementor-widget elementor-widget-heading\" data-id=\"016c688\" data-element_type=\"widget\" data-e-type=\"widget\" data-widget_type=\"heading.default\">\n\t\t\t\t<div class=\"elementor-widget-container\">\n\t\t\t\t\t<h1 class=\"elementor-heading-title elementor-size-default\"><a href=\"https:\/\/edihadria.eu\/it\/test-before-invest-podrska-za-digitalne-inovacije\/\">Testare prima di investire il supporto per nuovi prodotti e servizi<\/a><\/h1>\t\t\t\t<\/div>\n\t\t\t\t<\/div>\n\t\t\t\t<div class=\"elementor-element elementor-element-5b27131 elementor-widget-divider--view-line elementor-invisible elementor-widget elementor-widget-divider\" data-id=\"5b27131\" data-element_type=\"widget\" data-e-type=\"widget\" data-settings=\"{&quot;_animation&quot;:&quot;slideInLeft&quot;}\" data-widget_type=\"divider.default\">\n\t\t\t\t<div class=\"elementor-widget-container\">\n\t\t\t\t\t\t\t<div class=\"elementor-divider\">\n\t\t\t<span class=\"elementor-divider-separator\">\n\t\t\t\t\t\t<\/span>\n\t\t<\/div>\n\t\t\t\t\t\t<\/div>\n\t\t\t\t<\/div>\n\t\t\t\t\t<\/div>\n\t\t<\/div>\n\t\t\t\t\t<\/div>\n\t\t<\/section>\n\t\t\t\t<section class=\"elementor-section elementor-top-section elementor-element elementor-element-9920449 elementor-hidden-mobile elementor-section-boxed elementor-section-height-default elementor-section-height-default\" data-id=\"9920449\" data-element_type=\"section\" data-e-type=\"section\">\n\t\t\t\t\t\t<div class=\"elementor-container elementor-column-gap-no\">\n\t\t\t\t\t<div class=\"elementor-column elementor-col-33 elementor-top-column elementor-element elementor-element-d6d90e7\" data-id=\"d6d90e7\" data-element_type=\"column\" data-e-type=\"column\" data-settings=\"{&quot;background_background&quot;:&quot;classic&quot;}\">\n\t\t\t<div class=\"elementor-widget-wrap elementor-element-populated\">\n\t\t\t\t\t\t<div class=\"elementor-element elementor-element-9c7445a elementor-widget elementor-widget-heading\" data-id=\"9c7445a\" data-element_type=\"widget\" data-e-type=\"widget\" data-widget_type=\"heading.default\">\n\t\t\t\t<div class=\"elementor-widget-container\">\n\t\t\t\t\t<h1 class=\"elementor-heading-title elementor-size-default\"><a href=\"https:\/\/edihadria.eu\/it\/test-before-invest-podrska-za-digitalnu-transformaciju\/\">Testare prima di investire il supporto per la trasformazione digitale<\/a><\/h1>\t\t\t\t<\/div>\n\t\t\t\t<\/div>\n\t\t\t\t<div class=\"elementor-element elementor-element-535f4a3 elementor-widget-divider--view-line elementor-invisible elementor-widget elementor-widget-divider\" data-id=\"535f4a3\" data-element_type=\"widget\" data-e-type=\"widget\" data-settings=\"{&quot;_animation&quot;:&quot;slideInLeft&quot;}\" data-widget_type=\"divider.default\">\n\t\t\t\t<div class=\"elementor-widget-container\">\n\t\t\t\t\t\t\t<div class=\"elementor-divider\">\n\t\t\t<span class=\"elementor-divider-separator\">\n\t\t\t\t\t\t<\/span>\n\t\t<\/div>\n\t\t\t\t\t\t<\/div>\n\t\t\t\t<\/div>\n\t\t\t\t\t<\/div>\n\t\t<\/div>\n\t\t\t\t<div class=\"elementor-column elementor-col-33 elementor-top-column elementor-element elementor-element-d873c82\" data-id=\"d873c82\" data-element_type=\"column\" data-e-type=\"column\">\n\t\t\t<div class=\"elementor-widget-wrap\">\n\t\t\t\t\t\t\t<\/div>\n\t\t<\/div>\n\t\t\t\t<div class=\"elementor-column elementor-col-33 elementor-top-column elementor-element elementor-element-25e4155\" data-id=\"25e4155\" data-element_type=\"column\" data-e-type=\"column\" data-settings=\"{&quot;background_background&quot;:&quot;classic&quot;}\">\n\t\t\t<div class=\"elementor-widget-wrap elementor-element-populated\">\n\t\t\t\t\t\t<div class=\"elementor-element elementor-element-2c463fa elementor-widget elementor-widget-heading\" data-id=\"2c463fa\" data-element_type=\"widget\" data-e-type=\"widget\" data-widget_type=\"heading.default\">\n\t\t\t\t<div class=\"elementor-widget-container\">\n\t\t\t\t\t<h1 class=\"elementor-heading-title elementor-size-default\"><a href=\"https:\/\/edihadria.eu\/it\/test-before-invest-podrska-za-digitalne-inovacije\/\">Testare prima di investire il supporto per nuovi prodotti e servizi<\/a><\/h1>\t\t\t\t<\/div>\n\t\t\t\t<\/div>\n\t\t\t\t<div class=\"elementor-element elementor-element-1e4a6e2 elementor-widget-divider--view-line elementor-invisible elementor-widget elementor-widget-divider\" data-id=\"1e4a6e2\" data-element_type=\"widget\" data-e-type=\"widget\" data-settings=\"{&quot;_animation&quot;:&quot;slideInLeft&quot;}\" data-widget_type=\"divider.default\">\n\t\t\t\t<div class=\"elementor-widget-container\">\n\t\t\t\t\t\t\t<div class=\"elementor-divider\">\n\t\t\t<span class=\"elementor-divider-separator\">\n\t\t\t\t\t\t<\/span>\n\t\t<\/div>\n\t\t\t\t\t\t<\/div>\n\t\t\t\t<\/div>\n\t\t\t\t\t<\/div>\n\t\t<\/div>\n\t\t\t\t\t<\/div>\n\t\t<\/section>\n\t\t\t\t<\/div>","protected":false},"excerpt":{"rendered":"<p>Il test prima di investire \u00e8 un'attivit\u00e0 centrale di EDIH Adria e implica il supporto al settore privato e pubblico sotto forma di test dell'applicazione della tecnologia prima di investire, utilizzando le conoscenze, le competenze e le competenze dei membri del team di progetto e le attrezzature pertinenti. L'approccio dei nostri esperti sar\u00e0 adattato alle esigenze di ogni organizzazione e ai suoi obiettivi a lungo termine. L'utente \u00e8 in [...]<\/p>","protected":false},"author":14,"featured_media":0,"parent":0,"menu_order":0,"comment_status":"closed","ping_status":"closed","template":"elementor_header_footer","meta":{"footnotes":""},"class_list":["post-2525","page","type-page","status-publish","hentry"],"yoast_head":"<!-- This site is optimized with the Yoast SEO plugin v27.4 - https:\/\/yoast.com\/product\/yoast-seo-wordpress\/ -->\n<title>Test before invest<\/title>\n<meta name=\"description\" content=\"EDIH Adria (European Digital Innovation HUB), projekt financiran iz programa Digitalna Europa i Nacionalnog plana oporavka i otpornosti \u010diji je glavni cilj omogu\u0107avanje malim poduzetnicima i jedinicama lokalne samouprave ubrzanje procesa digitalizacije njihovih organizacija, pospje\u0161ivanje inovacijskog procesa, stvaranje prilika za testiranje ideja i rje\u0161enja prije po\u010detka investicijskog procesa.\" \/>\n<meta name=\"robots\" content=\"index, follow, max-snippet:-1, max-image-preview:large, max-video-preview:-1\" \/>\n<link rel=\"canonical\" href=\"https:\/\/edihadria.eu\/it\/test-before-invest\/\" \/>\n<meta property=\"og:locale\" content=\"it_IT\" \/>\n<meta property=\"og:type\" content=\"article\" \/>\n<meta property=\"og:title\" content=\"Test before invest\" \/>\n<meta property=\"og:description\" content=\"EDIH Adria (European Digital Innovation HUB), projekt financiran iz programa Digitalna Europa i Nacionalnog plana oporavka i otpornosti \u010diji je glavni cilj omogu\u0107avanje malim poduzetnicima i jedinicama lokalne samouprave ubrzanje procesa digitalizacije njihovih organizacija, pospje\u0161ivanje inovacijskog procesa, stvaranje prilika za testiranje ideja i rje\u0161enja prije po\u010detka investicijskog procesa.\" \/>\n<meta property=\"og:url\" content=\"https:\/\/edihadria.eu\/it\/test-before-invest\/\" \/>\n<meta property=\"article:modified_time\" content=\"2024-10-23T09:58:30+00:00\" \/>\n<meta property=\"og:image\" content=\"https:\/\/edihadria.eu\/wp-content\/uploads\/2023\/07\/07.png\" \/>\n\t<meta property=\"og:image:width\" content=\"833\" \/>\n\t<meta property=\"og:image:height\" content=\"160\" \/>\n\t<meta property=\"og:image:type\" content=\"image\/png\" \/>\n<meta name=\"twitter:card\" content=\"summary_large_image\" \/>\n<meta name=\"twitter:label1\" content=\"Tempo di lettura stimato\" \/>\n\t<meta name=\"twitter:data1\" content=\"2 minutes\" \/>\n<script type=\"application\/ld+json\" class=\"yoast-schema-graph\">{\"@context\":\"https:\\\/\\\/schema.org\",\"@graph\":[{\"@type\":\"WebPage\",\"@id\":\"https:\\\/\\\/edihadria.eu\\\/test-before-invest\\\/\",\"url\":\"https:\\\/\\\/edihadria.eu\\\/test-before-invest\\\/\",\"name\":\"Test before invest\",\"isPartOf\":{\"@id\":\"https:\\\/\\\/edihadria.eu\\\/#website\"},\"primaryImageOfPage\":{\"@id\":\"https:\\\/\\\/edihadria.eu\\\/test-before-invest\\\/#primaryimage\"},\"image\":{\"@id\":\"https:\\\/\\\/edihadria.eu\\\/test-before-invest\\\/#primaryimage\"},\"thumbnailUrl\":\"https:\\\/\\\/edihadria.eu\\\/wp-content\\\/uploads\\\/2023\\\/07\\\/07.png\",\"datePublished\":\"2023-07-12T19:30:06+00:00\",\"dateModified\":\"2024-10-23T09:58:30+00:00\",\"description\":\"EDIH Adria (European Digital Innovation HUB), projekt financiran iz programa Digitalna Europa i Nacionalnog plana oporavka i otpornosti \u010diji je glavni cilj omogu\u0107avanje malim poduzetnicima i jedinicama lokalne samouprave ubrzanje procesa digitalizacije njihovih organizacija, pospje\u0161ivanje inovacijskog procesa, stvaranje prilika za testiranje ideja i rje\u0161enja prije po\u010detka investicijskog procesa.\",\"breadcrumb\":{\"@id\":\"https:\\\/\\\/edihadria.eu\\\/test-before-invest\\\/#breadcrumb\"},\"inLanguage\":\"it-IT\",\"potentialAction\":[{\"@type\":\"ReadAction\",\"target\":[\"https:\\\/\\\/edihadria.eu\\\/test-before-invest\\\/\"]}]},{\"@type\":\"ImageObject\",\"inLanguage\":\"it-IT\",\"@id\":\"https:\\\/\\\/edihadria.eu\\\/test-before-invest\\\/#primaryimage\",\"url\":\"https:\\\/\\\/edihadria.eu\\\/wp-content\\\/uploads\\\/2023\\\/07\\\/07.png\",\"contentUrl\":\"https:\\\/\\\/edihadria.eu\\\/wp-content\\\/uploads\\\/2023\\\/07\\\/07.png\"},{\"@type\":\"BreadcrumbList\",\"@id\":\"https:\\\/\\\/edihadria.eu\\\/test-before-invest\\\/#breadcrumb\",\"itemListElement\":[{\"@type\":\"ListItem\",\"position\":1,\"name\":\"Po\u010detna stranica\",\"item\":\"https:\\\/\\\/edihadria.eu\\\/\"},{\"@type\":\"ListItem\",\"position\":2,\"name\":\"Test before invest\"}]},{\"@type\":\"WebSite\",\"@id\":\"https:\\\/\\\/edihadria.eu\\\/#website\",\"url\":\"https:\\\/\\\/edihadria.eu\\\/\",\"name\":\"\",\"description\":\"\",\"potentialAction\":[{\"@type\":\"SearchAction\",\"target\":{\"@type\":\"EntryPoint\",\"urlTemplate\":\"https:\\\/\\\/edihadria.eu\\\/?s={search_term_string}\"},\"query-input\":{\"@type\":\"PropertyValueSpecification\",\"valueRequired\":true,\"valueName\":\"search_term_string\"}}],\"inLanguage\":\"it-IT\"}]}<\/script>\n<!-- \/ Yoast SEO plugin. -->","yoast_head_json":{"title":"Test before invest","description":"EDIH Adria (European Digital Innovation HUB), projekt financiran iz programa Digitalna Europa i Nacionalnog plana oporavka i otpornosti \u010diji je glavni cilj omogu\u0107avanje malim poduzetnicima i jedinicama lokalne samouprave ubrzanje procesa digitalizacije njihovih organizacija, pospje\u0161ivanje inovacijskog procesa, stvaranje prilika za testiranje ideja i rje\u0161enja prije po\u010detka investicijskog procesa.","robots":{"index":"index","follow":"follow","max-snippet":"max-snippet:-1","max-image-preview":"max-image-preview:large","max-video-preview":"max-video-preview:-1"},"canonical":"https:\/\/edihadria.eu\/it\/test-before-invest\/","og_locale":"it_IT","og_type":"article","og_title":"Test before invest","og_description":"EDIH Adria (European Digital Innovation HUB), projekt financiran iz programa Digitalna Europa i Nacionalnog plana oporavka i otpornosti \u010diji je glavni cilj omogu\u0107avanje malim poduzetnicima i jedinicama lokalne samouprave ubrzanje procesa digitalizacije njihovih organizacija, pospje\u0161ivanje inovacijskog procesa, stvaranje prilika za testiranje ideja i rje\u0161enja prije po\u010detka investicijskog procesa.","og_url":"https:\/\/edihadria.eu\/it\/test-before-invest\/","article_modified_time":"2024-10-23T09:58:30+00:00","og_image":[{"width":833,"height":160,"url":"https:\/\/edihadria.eu\/wp-content\/uploads\/2023\/07\/07.png","type":"image\/png"}],"twitter_card":"summary_large_image","twitter_misc":{"Tempo di lettura stimato":"2 minutes"},"schema":{"@context":"https:\/\/schema.org","@graph":[{"@type":"WebPage","@id":"https:\/\/edihadria.eu\/test-before-invest\/","url":"https:\/\/edihadria.eu\/test-before-invest\/","name":"Test before invest","isPartOf":{"@id":"https:\/\/edihadria.eu\/#website"},"primaryImageOfPage":{"@id":"https:\/\/edihadria.eu\/test-before-invest\/#primaryimage"},"image":{"@id":"https:\/\/edihadria.eu\/test-before-invest\/#primaryimage"},"thumbnailUrl":"https:\/\/edihadria.eu\/wp-content\/uploads\/2023\/07\/07.png","datePublished":"2023-07-12T19:30:06+00:00","dateModified":"2024-10-23T09:58:30+00:00","description":"EDIH Adria (European Digital Innovation HUB), projekt financiran iz programa Digitalna Europa i Nacionalnog plana oporavka i otpornosti \u010diji je glavni cilj omogu\u0107avanje malim poduzetnicima i jedinicama lokalne samouprave ubrzanje procesa digitalizacije njihovih organizacija, pospje\u0161ivanje inovacijskog procesa, stvaranje prilika za testiranje ideja i rje\u0161enja prije po\u010detka investicijskog procesa.","breadcrumb":{"@id":"https:\/\/edihadria.eu\/test-before-invest\/#breadcrumb"},"inLanguage":"it-IT","potentialAction":[{"@type":"ReadAction","target":["https:\/\/edihadria.eu\/test-before-invest\/"]}]},{"@type":"ImageObject","inLanguage":"it-IT","@id":"https:\/\/edihadria.eu\/test-before-invest\/#primaryimage","url":"https:\/\/edihadria.eu\/wp-content\/uploads\/2023\/07\/07.png","contentUrl":"https:\/\/edihadria.eu\/wp-content\/uploads\/2023\/07\/07.png"},{"@type":"BreadcrumbList","@id":"https:\/\/edihadria.eu\/test-before-invest\/#breadcrumb","itemListElement":[{"@type":"ListItem","position":1,"name":"Po\u010detna stranica","item":"https:\/\/edihadria.eu\/"},{"@type":"ListItem","position":2,"name":"Test before invest"}]},{"@type":"WebSite","@id":"https:\/\/edihadria.eu\/#website","url":"https:\/\/edihadria.eu\/","name":"","description":"","potentialAction":[{"@type":"SearchAction","target":{"@type":"EntryPoint","urlTemplate":"https:\/\/edihadria.eu\/?s={search_term_string}"},"query-input":{"@type":"PropertyValueSpecification","valueRequired":true,"valueName":"search_term_string"}}],"inLanguage":"it-IT"}]}},"_links":{"self":[{"href":"https:\/\/edihadria.eu\/it\/wp-json\/wp\/v2\/pages\/2525","targetHints":{"allow":["GET"]}}],"collection":[{"href":"https:\/\/edihadria.eu\/it\/wp-json\/wp\/v2\/pages"}],"about":[{"href":"https:\/\/edihadria.eu\/it\/wp-json\/wp\/v2\/types\/page"}],"author":[{"embeddable":true,"href":"https:\/\/edihadria.eu\/it\/wp-json\/wp\/v2\/users\/14"}],"replies":[{"embeddable":true,"href":"https:\/\/edihadria.eu\/it\/wp-json\/wp\/v2\/comments?post=2525"}],"version-history":[{"count":89,"href":"https:\/\/edihadria.eu\/it\/wp-json\/wp\/v2\/pages\/2525\/revisions"}],"predecessor-version":[{"id":9096,"href":"https:\/\/edihadria.eu\/it\/wp-json\/wp\/v2\/pages\/2525\/revisions\/9096"}],"wp:attachment":[{"href":"https:\/\/edihadria.eu\/it\/wp-json\/wp\/v2\/media?parent=2525"}],"curies":[{"name":"wp","href":"https:\/\/api.w.org\/{rel}","templated":true}]}}