{"id":2558,"date":"2023-07-12T22:40:59","date_gmt":"2023-07-12T20:40:59","guid":{"rendered":"https:\/\/edihadria.eu\/?page_id=2558"},"modified":"2024-12-03T14:00:22","modified_gmt":"2024-12-03T13:00:22","slug":"test-before-invest-podrska-za-digitalnu-transformaciju","status":"publish","type":"page","link":"https:\/\/edihadria.eu\/it\/test-before-invest-podrska-za-digitalnu-transformaciju\/","title":{"rendered":"Testare prima di investire il supporto per la trasformazione digitale"},"content":{"rendered":"<div data-elementor-type=\"wp-page\" data-elementor-id=\"2558\" class=\"elementor elementor-2558\" data-elementor-post-type=\"page\">\n\t\t\t\t\t\t<section class=\"elementor-section elementor-top-section elementor-element elementor-element-3a5ef2e elementor-section-boxed elementor-section-height-default elementor-section-height-default\" data-id=\"3a5ef2e\" data-element_type=\"section\" data-e-type=\"section\">\n\t\t\t\t\t\t<div class=\"elementor-container elementor-column-gap-no\">\n\t\t\t\t\t<div class=\"elementor-column elementor-col-50 elementor-top-column elementor-element elementor-element-008220d\" data-id=\"008220d\" data-element_type=\"column\" data-e-type=\"column\">\n\t\t\t<div class=\"elementor-widget-wrap elementor-element-populated\">\n\t\t\t\t\t\t<div class=\"elementor-element elementor-element-94a161e elementor-widget__width-initial elementor-widget-mobile__width-inherit elementor-widget elementor-widget-text-editor\" data-id=\"94a161e\" data-element_type=\"widget\" data-e-type=\"widget\" data-widget_type=\"text-editor.default\">\n\t\t\t\t<div class=\"elementor-widget-container\">\n\t\t\t\t\t\t\t\t\t<p>I nostri servizi<\/p>\t\t\t\t\t\t\t\t<\/div>\n\t\t\t\t<\/div>\n\t\t\t\t<div class=\"elementor-element elementor-element-81050a6 elementor-widget__width-initial elementor-hidden-tablet elementor-hidden-mobile elementor-widget elementor-widget-text-editor\" data-id=\"81050a6\" data-element_type=\"widget\" data-e-type=\"widget\" data-widget_type=\"text-editor.default\">\n\t\t\t\t<div class=\"elementor-widget-container\">\n\t\t\t\t\t\t\t\t\tTest prima di investire il supporto per<br>digital<br>trasformazione\t\t\t\t\t\t\t\t<\/div>\n\t\t\t\t<\/div>\n\t\t\t\t<div class=\"elementor-element elementor-element-62d24bc elementor-widget__width-initial elementor-widget-mobile__width-inherit elementor-hidden-desktop elementor-widget elementor-widget-text-editor\" data-id=\"62d24bc\" data-element_type=\"widget\" data-e-type=\"widget\" data-widget_type=\"text-editor.default\">\n\t\t\t\t<div class=\"elementor-widget-container\">\n\t\t\t\t\t\t\t\t\t<p>Test prima di investire il supporto per<br \/>trasformazione digitale<\/p>\t\t\t\t\t\t\t\t<\/div>\n\t\t\t\t<\/div>\n\t\t\t\t\t<\/div>\n\t\t<\/div>\n\t\t\t\t<div class=\"elementor-column elementor-col-50 elementor-top-column elementor-element elementor-element-87fa703\" data-id=\"87fa703\" data-element_type=\"column\" data-e-type=\"column\">\n\t\t\t<div class=\"elementor-widget-wrap elementor-element-populated\">\n\t\t\t\t\t\t<div class=\"elementor-element elementor-element-7ae64ba elementor-widget elementor-widget-image\" data-id=\"7ae64ba\" data-element_type=\"widget\" data-e-type=\"widget\" data-widget_type=\"image.default\">\n\t\t\t\t<div class=\"elementor-widget-container\">\n\t\t\t\t\t\t\t\t\t\t\t\t\t\t\t<img fetchpriority=\"high\" decoding=\"async\" width=\"833\" height=\"320\" src=\"https:\/\/edihadria.eu\/wp-content\/uploads\/2023\/07\/08.png\" class=\"attachment-full size-full wp-image-2561\" alt=\"\" srcset=\"https:\/\/edihadria.eu\/wp-content\/uploads\/2023\/07\/08.png 833w, https:\/\/edihadria.eu\/wp-content\/uploads\/2023\/07\/08-300x115.png 300w, https:\/\/edihadria.eu\/wp-content\/uploads\/2023\/07\/08-768x295.png 768w\" sizes=\"(max-width: 833px) 100vw, 833px\" \/>\t\t\t\t\t\t\t\t\t\t\t\t\t\t\t<\/div>\n\t\t\t\t<\/div>\n\t\t\t\t\t<\/div>\n\t\t<\/div>\n\t\t\t\t\t<\/div>\n\t\t<\/section>\n\t\t<div class=\"elementor-element elementor-element-ba6ccc0 e-flex e-con-boxed e-con e-parent\" data-id=\"ba6ccc0\" data-element_type=\"container\" data-e-type=\"container\">\n\t\t\t\t\t<div class=\"e-con-inner\">\n\t\t\t\t<div class=\"elementor-element elementor-element-e9235d5 elementor-widget elementor-widget-image\" data-id=\"e9235d5\" data-element_type=\"widget\" data-e-type=\"widget\" data-widget_type=\"image.default\">\n\t\t\t\t<div class=\"elementor-widget-container\">\n\t\t\t\t\t\t\t\t\t\t\t\t\t\t\t<img decoding=\"async\" width=\"1600\" height=\"24\" src=\"https:\/\/edihadria.eu\/wp-content\/uploads\/2023\/07\/07-02.png\" class=\"attachment-full size-full wp-image-2535\" alt=\"\" srcset=\"https:\/\/edihadria.eu\/wp-content\/uploads\/2023\/07\/07-02.png 1600w, https:\/\/edihadria.eu\/wp-content\/uploads\/2023\/07\/07-02-300x5.png 300w, https:\/\/edihadria.eu\/wp-content\/uploads\/2023\/07\/07-02-1024x15.png 1024w, https:\/\/edihadria.eu\/wp-content\/uploads\/2023\/07\/07-02-768x12.png 768w, https:\/\/edihadria.eu\/wp-content\/uploads\/2023\/07\/07-02-1536x23.png 1536w\" sizes=\"(max-width: 1600px) 100vw, 1600px\" \/>\t\t\t\t\t\t\t\t\t\t\t\t\t\t\t<\/div>\n\t\t\t\t<\/div>\n\t\t\t\t\t<\/div>\n\t\t\t\t<\/div>\n\t\t\t\t<section class=\"elementor-section elementor-top-section elementor-element elementor-element-bf8029d elementor-section-boxed elementor-section-height-default elementor-section-height-default\" data-id=\"bf8029d\" data-element_type=\"section\" data-e-type=\"section\">\n\t\t\t\t\t\t<div class=\"elementor-container elementor-column-gap-no\">\n\t\t\t\t\t<div class=\"elementor-column elementor-col-50 elementor-top-column elementor-element elementor-element-0c82fdf\" data-id=\"0c82fdf\" data-element_type=\"column\" data-e-type=\"column\">\n\t\t\t<div class=\"elementor-widget-wrap elementor-element-populated\">\n\t\t\t\t\t\t<div class=\"elementor-element elementor-element-8895527 elementor-widget__width-inherit elementor-widget elementor-widget-image\" data-id=\"8895527\" data-element_type=\"widget\" data-e-type=\"widget\" data-widget_type=\"image.default\">\n\t\t\t\t<div class=\"elementor-widget-container\">\n\t\t\t\t\t\t\t\t\t\t\t\t\t\t\t<img decoding=\"async\" width=\"658\" height=\"320\" src=\"https:\/\/edihadria.eu\/wp-content\/uploads\/2023\/07\/08-03.jpg\" class=\"attachment-full size-full wp-image-2574\" alt=\"\" srcset=\"https:\/\/edihadria.eu\/wp-content\/uploads\/2023\/07\/08-03.jpg 658w, https:\/\/edihadria.eu\/wp-content\/uploads\/2023\/07\/08-03-300x146.jpg 300w\" sizes=\"(max-width: 658px) 100vw, 658px\" \/>\t\t\t\t\t\t\t\t\t\t\t\t\t\t\t<\/div>\n\t\t\t\t<\/div>\n\t\t\t\t\t<\/div>\n\t\t<\/div>\n\t\t\t\t<div class=\"elementor-column elementor-col-50 elementor-top-column elementor-element elementor-element-18a2833\" data-id=\"18a2833\" data-element_type=\"column\" data-e-type=\"column\" data-settings=\"{&quot;background_background&quot;:&quot;classic&quot;}\">\n\t\t\t<div class=\"elementor-widget-wrap elementor-element-populated\">\n\t\t\t\t\t\t<div class=\"elementor-element elementor-element-dc55ec9 elementor-widget__width-initial elementor-widget-mobile__width-inherit elementor-widget elementor-widget-text-editor\" data-id=\"dc55ec9\" data-element_type=\"widget\" data-e-type=\"widget\" data-widget_type=\"text-editor.default\">\n\t\t\t\t<div class=\"elementor-widget-container\">\n\t\t\t\t\t\t\t\t\t<p>Con il supporto di Test Before Invest (TBI) per la trasformazione digitale, scopri che tipo di soluzione digitale crea valore e contribuisce a migliorare il tuo business in modo che possano <strong>Pianificare e investire razionalmente<\/strong> nelle nuove tecnologie.<\/p>\t\t\t\t\t\t\t\t<\/div>\n\t\t\t\t<\/div>\n\t\t\t\t\t<\/div>\n\t\t<\/div>\n\t\t\t\t\t<\/div>\n\t\t<\/section>\n\t\t\t\t<section class=\"elementor-section elementor-top-section elementor-element elementor-element-30bcd6b elementor-section-boxed elementor-section-height-default elementor-section-height-default\" data-id=\"30bcd6b\" data-element_type=\"section\" data-e-type=\"section\">\n\t\t\t\t\t\t<div class=\"elementor-container elementor-column-gap-no\">\n\t\t\t\t\t<div class=\"elementor-column elementor-col-50 elementor-top-column elementor-element elementor-element-d0a6a6f\" data-id=\"d0a6a6f\" data-element_type=\"column\" data-e-type=\"column\">\n\t\t\t<div class=\"elementor-widget-wrap elementor-element-populated\">\n\t\t\t\t\t\t<div class=\"elementor-element elementor-element-b5a8e0a elementor-widget elementor-widget-image\" data-id=\"b5a8e0a\" data-element_type=\"widget\" data-e-type=\"widget\" data-widget_type=\"image.default\">\n\t\t\t\t<div class=\"elementor-widget-container\">\n\t\t\t\t\t\t\t\t\t\t\t\t\t\t\t<img loading=\"lazy\" decoding=\"async\" width=\"469\" height=\"13\" src=\"https:\/\/edihadria.eu\/wp-content\/uploads\/2023\/07\/08-04.png\" class=\"attachment-full size-full wp-image-2578\" alt=\"\" srcset=\"https:\/\/edihadria.eu\/wp-content\/uploads\/2023\/07\/08-04.png 469w, https:\/\/edihadria.eu\/wp-content\/uploads\/2023\/07\/08-04-300x8.png 300w\" sizes=\"(max-width: 469px) 100vw, 469px\" \/>\t\t\t\t\t\t\t\t\t\t\t\t\t\t\t<\/div>\n\t\t\t\t<\/div>\n\t\t\t\t\t<\/div>\n\t\t<\/div>\n\t\t\t\t<div class=\"elementor-column elementor-col-50 elementor-top-column elementor-element elementor-element-658cf80\" data-id=\"658cf80\" data-element_type=\"column\" data-e-type=\"column\">\n\t\t\t<div class=\"elementor-widget-wrap elementor-element-populated\">\n\t\t\t\t\t\t<div class=\"elementor-element elementor-element-37156bc elementor-widget__width-initial elementor-widget-mobile__width-inherit elementor-widget elementor-widget-text-editor\" data-id=\"37156bc\" data-element_type=\"widget\" data-e-type=\"widget\" data-widget_type=\"text-editor.default\">\n\t\t\t\t<div class=\"elementor-widget-container\">\n\t\t\t\t\t\t\t\t\t<p>Se non hai idea di quale soluzione digitale vuoi testare, <strong>Iscriviti al Bootcamp per la Trasformazione Digitale<\/strong>, un workshop di sviluppo di pi\u00f9 giorni per la preparazione di progetti di digitalizzazione TBI.<\/p>\t\t\t\t\t\t\t\t<\/div>\n\t\t\t\t<\/div>\n\t\t\t\t\t<\/div>\n\t\t<\/div>\n\t\t\t\t\t<\/div>\n\t\t<\/section>\n\t\t\t\t<section class=\"elementor-section elementor-top-section elementor-element elementor-element-26aa520 elementor-section-boxed elementor-section-height-default elementor-section-height-default\" data-id=\"26aa520\" data-element_type=\"section\" data-e-type=\"section\">\n\t\t\t\t\t\t<div class=\"elementor-container elementor-column-gap-no\">\n\t\t\t\t\t<div class=\"elementor-column elementor-col-50 elementor-top-column elementor-element elementor-element-50be859\" data-id=\"50be859\" data-element_type=\"column\" data-e-type=\"column\">\n\t\t\t<div class=\"elementor-widget-wrap elementor-element-populated\">\n\t\t\t\t\t\t<div class=\"elementor-element elementor-element-4ebb187 elementor-widget elementor-widget-text-editor\" data-id=\"4ebb187\" data-element_type=\"widget\" data-e-type=\"widget\" data-widget_type=\"text-editor.default\">\n\t\t\t\t<div class=\"elementor-widget-container\">\n\t\t\t\t\t\t\t\t\t<p><strong>Candidati ammissibili<\/strong> per il servizio Test before invest per la trasformazione digitale sono:<\/p>\n<ul>\n<li>microimprese, piccole e medie imprese (PMI) <br><\/li>\n<li>societ\u00e0 a media capitalizzazione <br><\/li>\n<li>enti pubblici ed entit\u00e0 che non esercitano un'attivit\u00e0 economica; <br><\/li>\n<\/ul>\t\t\t\t\t\t\t\t<\/div>\n\t\t\t\t<\/div>\n\t\t\t\t\t<\/div>\n\t\t<\/div>\n\t\t\t\t<div class=\"elementor-column elementor-col-50 elementor-top-column elementor-element elementor-element-847b6d3\" data-id=\"847b6d3\" data-element_type=\"column\" data-e-type=\"column\">\n\t\t\t<div class=\"elementor-widget-wrap elementor-element-populated\">\n\t\t\t\t\t\t<div class=\"elementor-element elementor-element-116637b elementor-widget elementor-widget-image\" data-id=\"116637b\" data-element_type=\"widget\" data-e-type=\"widget\" data-widget_type=\"image.default\">\n\t\t\t\t<div class=\"elementor-widget-container\">\n\t\t\t\t\t\t\t\t\t\t\t\t\t\t\t<img loading=\"lazy\" decoding=\"async\" width=\"657\" height=\"13\" src=\"https:\/\/edihadria.eu\/wp-content\/uploads\/2023\/07\/N5-.ai_.png\" class=\"attachment-full size-full wp-image-1573\" alt=\"\" srcset=\"https:\/\/edihadria.eu\/wp-content\/uploads\/2023\/07\/N5-.ai_.png 657w, https:\/\/edihadria.eu\/wp-content\/uploads\/2023\/07\/N5-.ai_-300x6.png 300w\" sizes=\"(max-width: 657px) 100vw, 657px\" \/>\t\t\t\t\t\t\t\t\t\t\t\t\t\t\t<\/div>\n\t\t\t\t<\/div>\n\t\t\t\t\t<\/div>\n\t\t<\/div>\n\t\t\t\t\t<\/div>\n\t\t<\/section>\n\t\t\t\t<section class=\"elementor-section elementor-top-section elementor-element elementor-element-cb99a5d elementor-section-boxed elementor-section-height-default elementor-section-height-default\" data-id=\"cb99a5d\" data-element_type=\"section\" data-e-type=\"section\">\n\t\t\t\t\t\t<div class=\"elementor-container elementor-column-gap-no\">\n\t\t\t\t\t<div class=\"elementor-column elementor-col-33 elementor-top-column elementor-element elementor-element-90b5ee0\" data-id=\"90b5ee0\" data-element_type=\"column\" data-e-type=\"column\">\n\t\t\t<div class=\"elementor-widget-wrap\">\n\t\t\t\t\t\t\t<\/div>\n\t\t<\/div>\n\t\t\t\t<div class=\"elementor-column elementor-col-33 elementor-top-column elementor-element elementor-element-8759835\" data-id=\"8759835\" data-element_type=\"column\" data-e-type=\"column\" data-settings=\"{&quot;background_background&quot;:&quot;classic&quot;}\">\n\t\t\t<div class=\"elementor-widget-wrap elementor-element-populated\">\n\t\t\t\t\t\t<div class=\"elementor-element elementor-element-3b1436e animated-slow elementor-invisible elementor-widget elementor-widget-heading\" data-id=\"3b1436e\" data-element_type=\"widget\" data-e-type=\"widget\" data-settings=\"{&quot;_animation&quot;:&quot;pulse&quot;,&quot;_animation_delay&quot;:0}\" data-widget_type=\"heading.default\">\n\t\t\t\t<div class=\"elementor-widget-container\">\n\t\t\t\t\t<h1 class=\"elementor-heading-title elementor-size-default\"><a href=\"https:\/\/edihadria.eu\/it\/javni-poziv-test-before-invest\/\">Invito pubblico<\/a><\/h1>\t\t\t\t<\/div>\n\t\t\t\t<\/div>\n\t\t\t\t<div class=\"elementor-element elementor-element-ae16bc2 elementor-widget-divider--view-line elementor-invisible elementor-widget elementor-widget-divider\" data-id=\"ae16bc2\" data-element_type=\"widget\" data-e-type=\"widget\" data-settings=\"{&quot;_animation&quot;:&quot;slideInLeft&quot;}\" data-widget_type=\"divider.default\">\n\t\t\t\t<div class=\"elementor-widget-container\">\n\t\t\t\t\t\t\t<div class=\"elementor-divider\">\n\t\t\t<span class=\"elementor-divider-separator\">\n\t\t\t\t\t\t<\/span>\n\t\t<\/div>\n\t\t\t\t\t\t<\/div>\n\t\t\t\t<\/div>\n\t\t\t\t\t<\/div>\n\t\t<\/div>\n\t\t\t\t<div class=\"elementor-column elementor-col-33 elementor-top-column elementor-element elementor-element-d683dfd\" data-id=\"d683dfd\" data-element_type=\"column\" data-e-type=\"column\">\n\t\t\t<div class=\"elementor-widget-wrap\">\n\t\t\t\t\t\t\t<\/div>\n\t\t<\/div>\n\t\t\t\t\t<\/div>\n\t\t<\/section>\n\t\t<div class=\"elementor-element elementor-element-6e1d39d e-flex e-con-boxed e-con e-parent\" data-id=\"6e1d39d\" data-element_type=\"container\" data-e-type=\"container\">\n\t\t\t\t\t<div class=\"e-con-inner\">\n\t\t\t\t<div class=\"elementor-element elementor-element-36dd9e6 elementor-widget elementor-widget-image\" data-id=\"36dd9e6\" data-element_type=\"widget\" data-e-type=\"widget\" data-widget_type=\"image.default\">\n\t\t\t\t<div class=\"elementor-widget-container\">\n\t\t\t\t\t\t\t\t\t\t\t\t\t\t\t<img loading=\"lazy\" decoding=\"async\" width=\"1600\" height=\"24\" src=\"https:\/\/edihadria.eu\/wp-content\/uploads\/2023\/07\/07-03.png\" class=\"attachment-full size-full wp-image-2549\" alt=\"\" srcset=\"https:\/\/edihadria.eu\/wp-content\/uploads\/2023\/07\/07-03.png 1600w, https:\/\/edihadria.eu\/wp-content\/uploads\/2023\/07\/07-03-300x5.png 300w, https:\/\/edihadria.eu\/wp-content\/uploads\/2023\/07\/07-03-1024x15.png 1024w, https:\/\/edihadria.eu\/wp-content\/uploads\/2023\/07\/07-03-768x12.png 768w, https:\/\/edihadria.eu\/wp-content\/uploads\/2023\/07\/07-03-1536x23.png 1536w\" sizes=\"(max-width: 1600px) 100vw, 1600px\" \/>\t\t\t\t\t\t\t\t\t\t\t\t\t\t\t<\/div>\n\t\t\t\t<\/div>\n\t\t\t\t\t<\/div>\n\t\t\t\t<\/div>\n\t\t\t\t<\/div>","protected":false},"excerpt":{"rendered":"<p>Testa prima di investire il supporto per la trasformazione digitale Testa prima di investire il supporto per la trasformazione digitale Attraverso il supporto Test Before Invest (TBI) per la trasformazione digitale, controlla quale tipo di soluzione digitale crea valore e contribuisce al miglioramento del tuo business in modo che possano pianificare e investire razionalmente in nuove tecnologie. Se non hai idea di quale soluzione digitale vuoi testare, accedi a Bootcamp [...]<\/p>","protected":false},"author":14,"featured_media":0,"parent":0,"menu_order":0,"comment_status":"closed","ping_status":"closed","template":"elementor_header_footer","meta":{"footnotes":""},"class_list":["post-2558","page","type-page","status-publish","hentry"],"yoast_head":"<!-- This site is optimized with the Yoast SEO plugin v27.4 - https:\/\/yoast.com\/product\/yoast-seo-wordpress\/ -->\n<title>Test before invest podr\u0161ka za digitalnu transformaciju<\/title>\n<meta name=\"description\" content=\"EDIH Adria (European Digital Innovation HUB), projekt financiran iz programa Digitalna Europa i Nacionalnog plana oporavka i otpornosti \u010diji je glavni cilj omogu\u0107avanje malim poduzetnicima i jedinicama lokalne samouprave ubrzanje procesa digitalizacije njihovih organizacija, pospje\u0161ivanje inovacijskog procesa, stvaranje prilika za testiranje ideja i rje\u0161enja prije po\u010detka investicijskog procesa.\" \/>\n<meta name=\"robots\" content=\"index, follow, max-snippet:-1, max-image-preview:large, max-video-preview:-1\" \/>\n<link rel=\"canonical\" href=\"https:\/\/edihadria.eu\/it\/test-before-invest-podrska-za-digitalnu-transformaciju\/\" \/>\n<meta property=\"og:locale\" content=\"it_IT\" \/>\n<meta property=\"og:type\" content=\"article\" \/>\n<meta property=\"og:title\" content=\"Test before invest podr\u0161ka za digitalnu transformaciju\" \/>\n<meta property=\"og:description\" content=\"EDIH Adria (European Digital Innovation HUB), projekt financiran iz programa Digitalna Europa i Nacionalnog plana oporavka i otpornosti \u010diji je glavni cilj omogu\u0107avanje malim poduzetnicima i jedinicama lokalne samouprave ubrzanje procesa digitalizacije njihovih organizacija, pospje\u0161ivanje inovacijskog procesa, stvaranje prilika za testiranje ideja i rje\u0161enja prije po\u010detka investicijskog procesa.\" \/>\n<meta property=\"og:url\" content=\"https:\/\/edihadria.eu\/it\/test-before-invest-podrska-za-digitalnu-transformaciju\/\" \/>\n<meta property=\"article:modified_time\" content=\"2024-12-03T13:00:22+00:00\" \/>\n<meta property=\"og:image\" content=\"https:\/\/edihadria.eu\/wp-content\/uploads\/2023\/07\/08.png\" \/>\n\t<meta property=\"og:image:width\" content=\"833\" \/>\n\t<meta property=\"og:image:height\" content=\"320\" \/>\n\t<meta property=\"og:image:type\" content=\"image\/png\" \/>\n<meta name=\"twitter:card\" content=\"summary_large_image\" \/>\n<meta name=\"twitter:label1\" content=\"Tempo di lettura stimato\" \/>\n\t<meta name=\"twitter:data1\" content=\"2 minutes\" \/>\n<script type=\"application\/ld+json\" class=\"yoast-schema-graph\">{\"@context\":\"https:\\\/\\\/schema.org\",\"@graph\":[{\"@type\":\"WebPage\",\"@id\":\"https:\\\/\\\/edihadria.eu\\\/test-before-invest-podrska-za-digitalnu-transformaciju\\\/\",\"url\":\"https:\\\/\\\/edihadria.eu\\\/test-before-invest-podrska-za-digitalnu-transformaciju\\\/\",\"name\":\"Test before invest podr\u0161ka za digitalnu transformaciju\",\"isPartOf\":{\"@id\":\"https:\\\/\\\/edihadria.eu\\\/#website\"},\"primaryImageOfPage\":{\"@id\":\"https:\\\/\\\/edihadria.eu\\\/test-before-invest-podrska-za-digitalnu-transformaciju\\\/#primaryimage\"},\"image\":{\"@id\":\"https:\\\/\\\/edihadria.eu\\\/test-before-invest-podrska-za-digitalnu-transformaciju\\\/#primaryimage\"},\"thumbnailUrl\":\"https:\\\/\\\/edihadria.eu\\\/wp-content\\\/uploads\\\/2023\\\/07\\\/08.png\",\"datePublished\":\"2023-07-12T20:40:59+00:00\",\"dateModified\":\"2024-12-03T13:00:22+00:00\",\"description\":\"EDIH Adria (European Digital Innovation HUB), projekt financiran iz programa Digitalna Europa i Nacionalnog plana oporavka i otpornosti \u010diji je glavni cilj omogu\u0107avanje malim poduzetnicima i jedinicama lokalne samouprave ubrzanje procesa digitalizacije njihovih organizacija, pospje\u0161ivanje inovacijskog procesa, stvaranje prilika za testiranje ideja i rje\u0161enja prije po\u010detka investicijskog procesa.\",\"breadcrumb\":{\"@id\":\"https:\\\/\\\/edihadria.eu\\\/test-before-invest-podrska-za-digitalnu-transformaciju\\\/#breadcrumb\"},\"inLanguage\":\"it-IT\",\"potentialAction\":[{\"@type\":\"ReadAction\",\"target\":[\"https:\\\/\\\/edihadria.eu\\\/test-before-invest-podrska-za-digitalnu-transformaciju\\\/\"]}]},{\"@type\":\"ImageObject\",\"inLanguage\":\"it-IT\",\"@id\":\"https:\\\/\\\/edihadria.eu\\\/test-before-invest-podrska-za-digitalnu-transformaciju\\\/#primaryimage\",\"url\":\"https:\\\/\\\/edihadria.eu\\\/wp-content\\\/uploads\\\/2023\\\/07\\\/08.png\",\"contentUrl\":\"https:\\\/\\\/edihadria.eu\\\/wp-content\\\/uploads\\\/2023\\\/07\\\/08.png\"},{\"@type\":\"BreadcrumbList\",\"@id\":\"https:\\\/\\\/edihadria.eu\\\/test-before-invest-podrska-za-digitalnu-transformaciju\\\/#breadcrumb\",\"itemListElement\":[{\"@type\":\"ListItem\",\"position\":1,\"name\":\"Po\u010detna stranica\",\"item\":\"https:\\\/\\\/edihadria.eu\\\/\"},{\"@type\":\"ListItem\",\"position\":2,\"name\":\"Test before invest podr\u0161ka za digitalnu transformaciju\"}]},{\"@type\":\"WebSite\",\"@id\":\"https:\\\/\\\/edihadria.eu\\\/#website\",\"url\":\"https:\\\/\\\/edihadria.eu\\\/\",\"name\":\"\",\"description\":\"\",\"potentialAction\":[{\"@type\":\"SearchAction\",\"target\":{\"@type\":\"EntryPoint\",\"urlTemplate\":\"https:\\\/\\\/edihadria.eu\\\/?s={search_term_string}\"},\"query-input\":{\"@type\":\"PropertyValueSpecification\",\"valueRequired\":true,\"valueName\":\"search_term_string\"}}],\"inLanguage\":\"it-IT\"}]}<\/script>\n<!-- \/ Yoast SEO plugin. -->","yoast_head_json":{"title":"Test before invest podr\u0161ka za digitalnu transformaciju","description":"EDIH Adria (European Digital Innovation HUB), projekt financiran iz programa Digitalna Europa i Nacionalnog plana oporavka i otpornosti \u010diji je glavni cilj omogu\u0107avanje malim poduzetnicima i jedinicama lokalne samouprave ubrzanje procesa digitalizacije njihovih organizacija, pospje\u0161ivanje inovacijskog procesa, stvaranje prilika za testiranje ideja i rje\u0161enja prije po\u010detka investicijskog procesa.","robots":{"index":"index","follow":"follow","max-snippet":"max-snippet:-1","max-image-preview":"max-image-preview:large","max-video-preview":"max-video-preview:-1"},"canonical":"https:\/\/edihadria.eu\/it\/test-before-invest-podrska-za-digitalnu-transformaciju\/","og_locale":"it_IT","og_type":"article","og_title":"Test before invest podr\u0161ka za digitalnu transformaciju","og_description":"EDIH Adria (European Digital Innovation HUB), projekt financiran iz programa Digitalna Europa i Nacionalnog plana oporavka i otpornosti \u010diji je glavni cilj omogu\u0107avanje malim poduzetnicima i jedinicama lokalne samouprave ubrzanje procesa digitalizacije njihovih organizacija, pospje\u0161ivanje inovacijskog procesa, stvaranje prilika za testiranje ideja i rje\u0161enja prije po\u010detka investicijskog procesa.","og_url":"https:\/\/edihadria.eu\/it\/test-before-invest-podrska-za-digitalnu-transformaciju\/","article_modified_time":"2024-12-03T13:00:22+00:00","og_image":[{"width":833,"height":320,"url":"https:\/\/edihadria.eu\/wp-content\/uploads\/2023\/07\/08.png","type":"image\/png"}],"twitter_card":"summary_large_image","twitter_misc":{"Tempo di lettura stimato":"2 minutes"},"schema":{"@context":"https:\/\/schema.org","@graph":[{"@type":"WebPage","@id":"https:\/\/edihadria.eu\/test-before-invest-podrska-za-digitalnu-transformaciju\/","url":"https:\/\/edihadria.eu\/test-before-invest-podrska-za-digitalnu-transformaciju\/","name":"Test before invest podr\u0161ka za digitalnu transformaciju","isPartOf":{"@id":"https:\/\/edihadria.eu\/#website"},"primaryImageOfPage":{"@id":"https:\/\/edihadria.eu\/test-before-invest-podrska-za-digitalnu-transformaciju\/#primaryimage"},"image":{"@id":"https:\/\/edihadria.eu\/test-before-invest-podrska-za-digitalnu-transformaciju\/#primaryimage"},"thumbnailUrl":"https:\/\/edihadria.eu\/wp-content\/uploads\/2023\/07\/08.png","datePublished":"2023-07-12T20:40:59+00:00","dateModified":"2024-12-03T13:00:22+00:00","description":"EDIH Adria (European Digital Innovation HUB), projekt financiran iz programa Digitalna Europa i Nacionalnog plana oporavka i otpornosti \u010diji je glavni cilj omogu\u0107avanje malim poduzetnicima i jedinicama lokalne samouprave ubrzanje procesa digitalizacije njihovih organizacija, pospje\u0161ivanje inovacijskog procesa, stvaranje prilika za testiranje ideja i rje\u0161enja prije po\u010detka investicijskog procesa.","breadcrumb":{"@id":"https:\/\/edihadria.eu\/test-before-invest-podrska-za-digitalnu-transformaciju\/#breadcrumb"},"inLanguage":"it-IT","potentialAction":[{"@type":"ReadAction","target":["https:\/\/edihadria.eu\/test-before-invest-podrska-za-digitalnu-transformaciju\/"]}]},{"@type":"ImageObject","inLanguage":"it-IT","@id":"https:\/\/edihadria.eu\/test-before-invest-podrska-za-digitalnu-transformaciju\/#primaryimage","url":"https:\/\/edihadria.eu\/wp-content\/uploads\/2023\/07\/08.png","contentUrl":"https:\/\/edihadria.eu\/wp-content\/uploads\/2023\/07\/08.png"},{"@type":"BreadcrumbList","@id":"https:\/\/edihadria.eu\/test-before-invest-podrska-za-digitalnu-transformaciju\/#breadcrumb","itemListElement":[{"@type":"ListItem","position":1,"name":"Po\u010detna stranica","item":"https:\/\/edihadria.eu\/"},{"@type":"ListItem","position":2,"name":"Test before invest podr\u0161ka za digitalnu transformaciju"}]},{"@type":"WebSite","@id":"https:\/\/edihadria.eu\/#website","url":"https:\/\/edihadria.eu\/","name":"","description":"","potentialAction":[{"@type":"SearchAction","target":{"@type":"EntryPoint","urlTemplate":"https:\/\/edihadria.eu\/?s={search_term_string}"},"query-input":{"@type":"PropertyValueSpecification","valueRequired":true,"valueName":"search_term_string"}}],"inLanguage":"it-IT"}]}},"_links":{"self":[{"href":"https:\/\/edihadria.eu\/it\/wp-json\/wp\/v2\/pages\/2558","targetHints":{"allow":["GET"]}}],"collection":[{"href":"https:\/\/edihadria.eu\/it\/wp-json\/wp\/v2\/pages"}],"about":[{"href":"https:\/\/edihadria.eu\/it\/wp-json\/wp\/v2\/types\/page"}],"author":[{"embeddable":true,"href":"https:\/\/edihadria.eu\/it\/wp-json\/wp\/v2\/users\/14"}],"replies":[{"embeddable":true,"href":"https:\/\/edihadria.eu\/it\/wp-json\/wp\/v2\/comments?post=2558"}],"version-history":[{"count":126,"href":"https:\/\/edihadria.eu\/it\/wp-json\/wp\/v2\/pages\/2558\/revisions"}],"predecessor-version":[{"id":10620,"href":"https:\/\/edihadria.eu\/it\/wp-json\/wp\/v2\/pages\/2558\/revisions\/10620"}],"wp:attachment":[{"href":"https:\/\/edihadria.eu\/it\/wp-json\/wp\/v2\/media?parent=2558"}],"curies":[{"name":"wp","href":"https:\/\/api.w.org\/{rel}","templated":true}]}}