{"id":3,"date":"2022-11-22T15:54:33","date_gmt":"2022-11-22T14:54:33","guid":{"rendered":"https:\/\/edihadria.eu\/?page_id=3"},"modified":"2026-03-19T10:51:37","modified_gmt":"2026-03-19T09:51:37","slug":"pravila-privatnosti","status":"publish","type":"page","link":"https:\/\/edihadria.eu\/it\/pravila-privatnosti\/","title":{"rendered":"Informativa sulla privacy"},"content":{"rendered":"<div data-elementor-type=\"wp-page\" data-elementor-id=\"3\" class=\"elementor elementor-3\" data-elementor-post-type=\"page\">\n\t\t\t\t\t\t<section class=\"elementor-section elementor-top-section elementor-element elementor-element-96b8caf elementor-section-boxed elementor-section-height-default elementor-section-height-default\" data-id=\"96b8caf\" data-element_type=\"section\" data-e-type=\"section\">\n\t\t\t\t\t\t<div class=\"elementor-container elementor-column-gap-no\">\n\t\t\t\t\t<div class=\"elementor-column elementor-col-50 elementor-top-column elementor-element elementor-element-67956da\" data-id=\"67956da\" data-element_type=\"column\" data-e-type=\"column\">\n\t\t\t<div class=\"elementor-widget-wrap elementor-element-populated\">\n\t\t\t\t\t\t<div class=\"elementor-element elementor-element-729d511 elementor-widget__width-initial elementor-widget elementor-widget-text-editor\" data-id=\"729d511\" data-element_type=\"widget\" data-e-type=\"widget\" data-widget_type=\"text-editor.default\">\n\t\t\t\t<div class=\"elementor-widget-container\">\n\t\t\t\t\t\t\t\t\t<p>Norme<br \/>privacy<\/p>\t\t\t\t\t\t\t\t<\/div>\n\t\t\t\t<\/div>\n\t\t\t\t\t<\/div>\n\t\t<\/div>\n\t\t\t\t<div class=\"elementor-column elementor-col-50 elementor-top-column elementor-element elementor-element-00a3d9d\" data-id=\"00a3d9d\" data-element_type=\"column\" data-e-type=\"column\">\n\t\t\t<div class=\"elementor-widget-wrap elementor-element-populated\">\n\t\t\t\t\t\t<div class=\"elementor-element elementor-element-4619c06 elementor-widget elementor-widget-image\" data-id=\"4619c06\" data-element_type=\"widget\" data-e-type=\"widget\" data-widget_type=\"image.default\">\n\t\t\t\t<div class=\"elementor-widget-container\">\n\t\t\t\t\t\t\t\t\t\t\t\t\t\t\t<img fetchpriority=\"high\" decoding=\"async\" width=\"833\" height=\"320\" src=\"https:\/\/edihadria.eu\/wp-content\/uploads\/2023\/07\/08.png\" class=\"attachment-full size-full wp-image-2561\" alt=\"\" srcset=\"https:\/\/edihadria.eu\/wp-content\/uploads\/2023\/07\/08.png 833w, https:\/\/edihadria.eu\/wp-content\/uploads\/2023\/07\/08-300x115.png 300w, https:\/\/edihadria.eu\/wp-content\/uploads\/2023\/07\/08-768x295.png 768w\" sizes=\"(max-width: 833px) 100vw, 833px\" \/>\t\t\t\t\t\t\t\t\t\t\t\t\t\t\t<\/div>\n\t\t\t\t<\/div>\n\t\t\t\t\t<\/div>\n\t\t<\/div>\n\t\t\t\t\t<\/div>\n\t\t<\/section>\n\t\t<div class=\"elementor-element elementor-element-c54f2fc e-flex e-con-boxed e-con e-parent\" data-id=\"c54f2fc\" data-element_type=\"container\" data-e-type=\"container\">\n\t\t\t\t\t<div class=\"e-con-inner\">\n\t\t\t\t<div class=\"elementor-element elementor-element-002f8fc elementor-widget elementor-widget-image\" data-id=\"002f8fc\" data-element_type=\"widget\" data-e-type=\"widget\" data-widget_type=\"image.default\">\n\t\t\t\t<div class=\"elementor-widget-container\">\n\t\t\t\t\t\t\t\t\t\t\t\t\t\t\t<img decoding=\"async\" width=\"1600\" height=\"24\" src=\"https:\/\/edihadria.eu\/wp-content\/uploads\/2023\/08\/22-01.jpg\" class=\"attachment-full size-full wp-image-3909\" alt=\"\" srcset=\"https:\/\/edihadria.eu\/wp-content\/uploads\/2023\/08\/22-01.jpg 1600w, https:\/\/edihadria.eu\/wp-content\/uploads\/2023\/08\/22-01-300x5.jpg 300w, https:\/\/edihadria.eu\/wp-content\/uploads\/2023\/08\/22-01-1024x15.jpg 1024w, https:\/\/edihadria.eu\/wp-content\/uploads\/2023\/08\/22-01-768x12.jpg 768w, https:\/\/edihadria.eu\/wp-content\/uploads\/2023\/08\/22-01-1536x23.jpg 1536w\" sizes=\"(max-width: 1600px) 100vw, 1600px\" \/>\t\t\t\t\t\t\t\t\t\t\t\t\t\t\t<\/div>\n\t\t\t\t<\/div>\n\t\t\t\t\t<\/div>\n\t\t\t\t<\/div>\n\t\t\t\t<section class=\"elementor-section elementor-top-section elementor-element elementor-element-f461ade elementor-section-boxed elementor-section-height-default elementor-section-height-default\" data-id=\"f461ade\" data-element_type=\"section\" data-e-type=\"section\">\n\t\t\t\t\t\t<div class=\"elementor-container elementor-column-gap-default\">\n\t\t\t\t\t<div class=\"elementor-column elementor-col-100 elementor-top-column elementor-element elementor-element-50e8570\" data-id=\"50e8570\" data-element_type=\"column\" data-e-type=\"column\">\n\t\t\t<div class=\"elementor-widget-wrap elementor-element-populated\">\n\t\t\t\t\t\t<div class=\"elementor-element elementor-element-e84c1e9 elementor-widget elementor-widget-text-editor\" data-id=\"e84c1e9\" data-element_type=\"widget\" data-e-type=\"widget\" data-widget_type=\"text-editor.default\">\n\t\t\t\t<div class=\"elementor-widget-container\">\n\t\t\t\t\t\t\t\t\t<p>Membri del consorzio EDIH Adria, in qualit\u00e0 di gestore del sito web <a href=\"https:\/\/edihadria.eu\/it\/\">www.edihadria.eu<\/a>, sostenendo il rispetto della tua privacy e la protezione dei dati personali in conformit\u00e0 con <a href=\"https:\/\/eur-lex.europa.eu\/legal-content\/HR\/TXT\/HTML\/?uri=CELEX:32016R0679\">Regolamento (UE) 2016\/679<\/a> del Parlamento europeo e del Consiglio concernente la tutela delle persone fisiche con riguardo al trattamento dei dati personali, nonch\u00e9 la libera circolazione di tali dati, e <a href=\"https:\/\/narodne-novine.nn.hr\/clanci\/sluzbeni\/2018_05_42_805.html\">Legge sull'attuazione del regolamento generale sulla protezione dei dati<\/a> (NN n. 42\/18). Le informazioni che ci fornisci vengono elaborate e archiviate in modo equo, lecito, sicuro e trasparente.<\/p>\t\t\t\t\t\t\t\t<\/div>\n\t\t\t\t<\/div>\n\t\t\t\t<div class=\"elementor-element elementor-element-cbb8eee elementor-widget elementor-widget-text-editor\" data-id=\"cbb8eee\" data-element_type=\"widget\" data-e-type=\"widget\" data-widget_type=\"text-editor.default\">\n\t\t\t\t<div class=\"elementor-widget-container\">\n\t\t\t\t\t\t\t\t\tutilizzo del sito web e utilizzo dei cookie\t\t\t\t\t\t\t\t<\/div>\n\t\t\t\t<\/div>\n\t\t\t\t<div class=\"elementor-element elementor-element-dbb0f54 elementor-widget elementor-widget-text-editor\" data-id=\"dbb0f54\" data-element_type=\"widget\" data-e-type=\"widget\" data-widget_type=\"text-editor.default\">\n\t\t\t\t<div class=\"elementor-widget-container\">\n\t\t\t\t\t\t\t\t\t<p>Affinch\u00e9 il sito web funzioni correttamente e sia in grado di migliorarlo allo scopo di migliorare la tua esperienza di navigazione, il nostro server di rete globale inserisce file di testo molto piccoli, i cosiddetti cookie, sul tuo computer o dispositivo mobile.<em>cookie<\/em>).<\/p><p><strong>Cookie necessari<\/strong><\/p><p>I cookie necessari o di prima parte sono quelli impostati dai siti Web visitati e solo questi siti Web possono leggerli. Possono essere temporanei o permanenti. I cookie temporanei (i cosiddetti cookie di sessione) vengono automaticamente cancellati dal tuo dispositivo quando lasci il nostro sito, cio\u00e8 al termine della sessione. Utilizziamo i cookie persistenti, ad esempio, per preservare le impostazioni dei cookie: ci\u00f2 ci consente di chiedere il tuo consenso all'utilizzo dei cookie ogni 180 giorni anzich\u00e9 ogni volta che visiti nuovamente il nostro sito web. Non hai la possibilit\u00e0 di rifiutare l'uso dei cookie necessari, in quanto ci\u00f2 influisce sulla funzionalit\u00e0 e sulla possibilit\u00e0 di navigare sul nostro sito web.<\/p><p><strong>Cookie di terze parti<\/strong><\/p><p>Il nostro sito web utilizza Google Analytics per raccogliere dati statistici anonimi che possono misurare come gli utenti si muovono nel nostro sito e come interagiscono con il contenuto del sito. Hai il diritto di rifiutare l'uso di cookie di terze parti e, abilitando questi cookie, ci aiuti a migliorare il nostro sito web.<\/p>\t\t\t\t\t\t\t\t<\/div>\n\t\t\t\t<\/div>\n\t\t\t\t<div class=\"elementor-element elementor-element-5e17542 elementor-widget elementor-widget-text-editor\" data-id=\"5e17542\" data-element_type=\"widget\" data-e-type=\"widget\" data-widget_type=\"text-editor.default\">\n\t\t\t\t<div class=\"elementor-widget-container\">\n\t\t\t\t\t\t\t\t\t<p>Newsletter<\/p>\t\t\t\t\t\t\t\t<\/div>\n\t\t\t\t<\/div>\n\t\t\t\t<div class=\"elementor-element elementor-element-7c4487f elementor-widget elementor-widget-text-editor\" data-id=\"7c4487f\" data-element_type=\"widget\" data-e-type=\"widget\" data-widget_type=\"text-editor.default\">\n\t\t\t\t<div class=\"elementor-widget-container\">\n\t\t\t\t\t\t\t\t\t<p>Iscrivendoti alla nostra newsletter, acconsenti all'utilizzo del tuo indirizzo e-mail per informarti sulle prossime formazioni ed eventi. In questo modo ricevuto l'indirizzo e-mail, i membri del consorzio EDIH Adria non lo utilizzeranno per nessun altro scopo e non lo metteranno in alcun modo a disposizione di terze persone fisiche o giuridiche. Cancellando l'iscrizione dall'elenco, puoi cancellare definitivamente il tuo indirizzo e-mail dal nostro elenco in qualsiasi momento e quindi ritirare il tuo consenso per il suo utilizzo per gli scopi indicati. L'annullamento dell'iscrizione \u00e8 possibile tramite un link nella newsletter o via e-mail\u00a0<a href=\"mailto:info@edihadria.eu\">info@edihadria.eu<\/a>.<\/p>\t\t\t\t\t\t\t\t<\/div>\n\t\t\t\t<\/div>\n\t\t\t\t<div class=\"elementor-element elementor-element-e92c640 elementor-widget elementor-widget-text-editor\" data-id=\"e92c640\" data-element_type=\"widget\" data-e-type=\"widget\" data-widget_type=\"text-editor.default\">\n\t\t\t\t<div class=\"elementor-widget-container\">\n\t\t\t\t\t\t\t\t\traccolta, elaborazione e conservazione dei tuoi dati personali\t\t\t\t\t\t\t\t<\/div>\n\t\t\t\t<\/div>\n\t\t\t\t<div class=\"elementor-element elementor-element-c5e83c9 elementor-widget elementor-widget-text-editor\" data-id=\"c5e83c9\" data-element_type=\"widget\" data-e-type=\"widget\" data-widget_type=\"text-editor.default\">\n\t\t\t\t<div class=\"elementor-widget-container\">\n\t\t\t\t\t\t\t\t\t<h5><strong>Quali dati personali raccogliamo e conserviamo?<\/strong><\/h5><p>Raccogliamo e conserviamo i tuoi dati personali allo scopo di implementare il programma e fornire i nostri servizi, che possono essere: nome e cognome, indirizzo e-mail, numero di telefono, qualifiche professionali, organizzazione in cui sei impiegato e dati sulle capacit\u00e0 e competenze personali. Inviando dati e informazioni, garantisci che sono accurati e che accetti pienamente la nostra Informativa sulla privacy e i termini ivi indicati. I membri del consorzio EDIH Adria non raccolgono n\u00e9 trattano categorie particolari di dati personali.<\/p><h5><strong>Perch\u00e9 abbiamo bisogno delle tue informazioni personali?<\/strong><\/h5><p>Raccogliamo ed elaboriamo i tuoi dati personali in modo da poterti informare sui servizi di EDIH Adria e fornire i servizi concordati con il tuo datore di lavoro.<\/p><h5><strong>Con chi condividiamo i tuoi dati personali?<\/strong><\/h5><p>Con la presentazione della domanda, i candidati e i partecipanti al programma accettano che i loro dati personali siano messi a disposizione dei partner EDIH Adria, dei loro rappresentanti e di altre persone fisiche che partecipano all'organizzazione e all'attuazione del programma EDIH Adria. I membri del consorzio EDIH Adria sottolineano loro il fatto che questi dati personali non possono essere utilizzati per scopi diversi da quelli raccolti, nonch\u00e9 la necessit\u00e0 di preservare la riservatezza dei dati personali ottenuti. In via eccezionale, i tuoi dati personali potrebbero essere messi a disposizione delle autorit\u00e0 di vigilanza ai fini della segnalazione dei progetti. I membri del consorzio EDIH Adria non trattano i tuoi dati personali per scopi di marketing, n\u00e9 li utilizzano per altri scopi commerciali: non li vendiamo, li affittiamo, li divulghiamo o li rendiamo disponibili a terzi o a persone fisiche.<\/p><h5><strong>Per quanto li terremo?<\/strong><\/h5><p>I tuoi dati personali saranno conservati fino a quindici anni dopo la fine del programma per lo scopo per il quale sono stati raccolti. Eccezionalmente, l'indirizzo e-mail raccolto per l'inserimento nell'elenco delle newsletter viene memorizzato in modo permanente, fino al momento della cancellazione dall'elenco.<\/p><h5><strong>Quali sono i tuoi diritti in materia di dati personali?<\/strong><\/h5><p>In qualit\u00e0 di interessato, hai il diritto di richiedere l'accesso, la rettifica o la cancellazione dei tuoi dati personali in qualsiasi momento e di limitare o opporti a determinati tipi di trattamento. Chiunque ritenga che un diritto garantito dalla legge sull'attuazione del regolamento generale sulla protezione dei dati e del regolamento generale sulla protezione dei dati sia stato violato pu\u00f2 chiedere l'accertamento di una violazione del diritto <a href=\"http:\/\/www.azop.hr\/\">l' Agenzia per la protezione dei dati personali<\/a>.<\/p><p>Per ulteriori informazioni in merito alla protezione e all'utilizzo dei tuoi dati personali\u00a0<a href=\"mailto:%20info@edihadria.eu?subject=Osobni%20podaci,%20upit\">inviaci una richiesta<\/a>.<\/p>\t\t\t\t\t\t\t\t<\/div>\n\t\t\t\t<\/div>\n\t\t\t\t\t<\/div>\n\t\t<\/div>\n\t\t\t\t\t<\/div>\n\t\t<\/section>\n\t\t\t\t<\/div>","protected":false},"excerpt":{"rendered":"<p>Pravilaprivatnosti \u010clanovi EDIH Adria konzorcija, kao operator web stranice www.edihadria.eu, zala\u017eu se za po\u0161tivanje va\u0161e privatnosti i za\u0161titu osobnih podataka u skladu s Uredbom (EU) 2016\/679 Europskog parlamenta i vije\u0107a o za\u0161titi pojedinaca u vezi s obradom osobnih podataka i o slobodnom kretanju takvih podataka i Zakonom o provedbi Op\u0107e uredbe o za\u0161titi osobnih podataka [&hellip;]<\/p>","protected":false},"author":1,"featured_media":0,"parent":0,"menu_order":0,"comment_status":"closed","ping_status":"closed","template":"elementor_header_footer","meta":{"footnotes":""},"class_list":["post-3","page","type-page","status-publish","hentry"],"yoast_head":"<!-- This site is optimized with the Yoast SEO plugin v27.4 - https:\/\/yoast.com\/product\/yoast-seo-wordpress\/ -->\n<title>Pravila privatnosti |<\/title>\n<meta name=\"robots\" content=\"index, follow, max-snippet:-1, max-image-preview:large, max-video-preview:-1\" \/>\n<link rel=\"canonical\" href=\"https:\/\/edihadria.eu\/it\/pravila-privatnosti\/\" \/>\n<meta property=\"og:locale\" content=\"it_IT\" \/>\n<meta property=\"og:type\" content=\"article\" \/>\n<meta property=\"og:title\" content=\"Pravila privatnosti |\" \/>\n<meta property=\"og:description\" content=\"Pravilaprivatnosti \u010clanovi EDIH Adria konzorcija, kao operator web stranice www.edihadria.eu, zala\u017eu se za po\u0161tivanje va\u0161e privatnosti i za\u0161titu osobnih podataka u skladu s Uredbom (EU) 2016\/679 Europskog parlamenta i vije\u0107a o za\u0161titi pojedinaca u vezi s obradom osobnih podataka i o slobodnom kretanju takvih podataka i Zakonom o provedbi Op\u0107e uredbe o za\u0161titi osobnih podataka [&hellip;]\" \/>\n<meta property=\"og:url\" content=\"https:\/\/edihadria.eu\/it\/pravila-privatnosti\/\" \/>\n<meta property=\"article:modified_time\" content=\"2026-03-19T09:51:37+00:00\" \/>\n<meta property=\"og:image\" content=\"https:\/\/edihadria.eu\/wp-content\/uploads\/2023\/07\/08.png\" \/>\n\t<meta property=\"og:image:width\" content=\"833\" \/>\n\t<meta property=\"og:image:height\" content=\"320\" \/>\n\t<meta property=\"og:image:type\" content=\"image\/png\" \/>\n<meta name=\"twitter:card\" content=\"summary_large_image\" \/>\n<meta name=\"twitter:label1\" content=\"Tempo di lettura stimato\" \/>\n\t<meta name=\"twitter:data1\" content=\"5 minutes\" \/>\n<script type=\"application\/ld+json\" class=\"yoast-schema-graph\">{\"@context\":\"https:\\\/\\\/schema.org\",\"@graph\":[{\"@type\":\"WebPage\",\"@id\":\"https:\\\/\\\/edihadria.eu\\\/pravila-privatnosti\\\/\",\"url\":\"https:\\\/\\\/edihadria.eu\\\/pravila-privatnosti\\\/\",\"name\":\"Pravila privatnosti |\",\"isPartOf\":{\"@id\":\"https:\\\/\\\/edihadria.eu\\\/#website\"},\"primaryImageOfPage\":{\"@id\":\"https:\\\/\\\/edihadria.eu\\\/pravila-privatnosti\\\/#primaryimage\"},\"image\":{\"@id\":\"https:\\\/\\\/edihadria.eu\\\/pravila-privatnosti\\\/#primaryimage\"},\"thumbnailUrl\":\"https:\\\/\\\/edihadria.eu\\\/wp-content\\\/uploads\\\/2023\\\/07\\\/08.png\",\"datePublished\":\"2022-11-22T14:54:33+00:00\",\"dateModified\":\"2026-03-19T09:51:37+00:00\",\"breadcrumb\":{\"@id\":\"https:\\\/\\\/edihadria.eu\\\/pravila-privatnosti\\\/#breadcrumb\"},\"inLanguage\":\"it-IT\",\"potentialAction\":[{\"@type\":\"ReadAction\",\"target\":[\"https:\\\/\\\/edihadria.eu\\\/pravila-privatnosti\\\/\"]}]},{\"@type\":\"ImageObject\",\"inLanguage\":\"it-IT\",\"@id\":\"https:\\\/\\\/edihadria.eu\\\/pravila-privatnosti\\\/#primaryimage\",\"url\":\"https:\\\/\\\/edihadria.eu\\\/wp-content\\\/uploads\\\/2023\\\/07\\\/08.png\",\"contentUrl\":\"https:\\\/\\\/edihadria.eu\\\/wp-content\\\/uploads\\\/2023\\\/07\\\/08.png\"},{\"@type\":\"BreadcrumbList\",\"@id\":\"https:\\\/\\\/edihadria.eu\\\/pravila-privatnosti\\\/#breadcrumb\",\"itemListElement\":[{\"@type\":\"ListItem\",\"position\":1,\"name\":\"Po\u010detna stranica\",\"item\":\"https:\\\/\\\/edihadria.eu\\\/\"},{\"@type\":\"ListItem\",\"position\":2,\"name\":\"Pravila privatnosti\"}]},{\"@type\":\"WebSite\",\"@id\":\"https:\\\/\\\/edihadria.eu\\\/#website\",\"url\":\"https:\\\/\\\/edihadria.eu\\\/\",\"name\":\"\",\"description\":\"\",\"potentialAction\":[{\"@type\":\"SearchAction\",\"target\":{\"@type\":\"EntryPoint\",\"urlTemplate\":\"https:\\\/\\\/edihadria.eu\\\/?s={search_term_string}\"},\"query-input\":{\"@type\":\"PropertyValueSpecification\",\"valueRequired\":true,\"valueName\":\"search_term_string\"}}],\"inLanguage\":\"it-IT\"}]}<\/script>\n<!-- \/ Yoast SEO plugin. -->","yoast_head_json":{"title":"Pravila privatnosti |","robots":{"index":"index","follow":"follow","max-snippet":"max-snippet:-1","max-image-preview":"max-image-preview:large","max-video-preview":"max-video-preview:-1"},"canonical":"https:\/\/edihadria.eu\/it\/pravila-privatnosti\/","og_locale":"it_IT","og_type":"article","og_title":"Pravila privatnosti |","og_description":"Pravilaprivatnosti \u010clanovi EDIH Adria konzorcija, kao operator web stranice www.edihadria.eu, zala\u017eu se za po\u0161tivanje va\u0161e privatnosti i za\u0161titu osobnih podataka u skladu s Uredbom (EU) 2016\/679 Europskog parlamenta i vije\u0107a o za\u0161titi pojedinaca u vezi s obradom osobnih podataka i o slobodnom kretanju takvih podataka i Zakonom o provedbi Op\u0107e uredbe o za\u0161titi osobnih podataka [&hellip;]","og_url":"https:\/\/edihadria.eu\/it\/pravila-privatnosti\/","article_modified_time":"2026-03-19T09:51:37+00:00","og_image":[{"width":833,"height":320,"url":"https:\/\/edihadria.eu\/wp-content\/uploads\/2023\/07\/08.png","type":"image\/png"}],"twitter_card":"summary_large_image","twitter_misc":{"Tempo di lettura stimato":"5 minutes"},"schema":{"@context":"https:\/\/schema.org","@graph":[{"@type":"WebPage","@id":"https:\/\/edihadria.eu\/pravila-privatnosti\/","url":"https:\/\/edihadria.eu\/pravila-privatnosti\/","name":"Pravila privatnosti |","isPartOf":{"@id":"https:\/\/edihadria.eu\/#website"},"primaryImageOfPage":{"@id":"https:\/\/edihadria.eu\/pravila-privatnosti\/#primaryimage"},"image":{"@id":"https:\/\/edihadria.eu\/pravila-privatnosti\/#primaryimage"},"thumbnailUrl":"https:\/\/edihadria.eu\/wp-content\/uploads\/2023\/07\/08.png","datePublished":"2022-11-22T14:54:33+00:00","dateModified":"2026-03-19T09:51:37+00:00","breadcrumb":{"@id":"https:\/\/edihadria.eu\/pravila-privatnosti\/#breadcrumb"},"inLanguage":"it-IT","potentialAction":[{"@type":"ReadAction","target":["https:\/\/edihadria.eu\/pravila-privatnosti\/"]}]},{"@type":"ImageObject","inLanguage":"it-IT","@id":"https:\/\/edihadria.eu\/pravila-privatnosti\/#primaryimage","url":"https:\/\/edihadria.eu\/wp-content\/uploads\/2023\/07\/08.png","contentUrl":"https:\/\/edihadria.eu\/wp-content\/uploads\/2023\/07\/08.png"},{"@type":"BreadcrumbList","@id":"https:\/\/edihadria.eu\/pravila-privatnosti\/#breadcrumb","itemListElement":[{"@type":"ListItem","position":1,"name":"Po\u010detna stranica","item":"https:\/\/edihadria.eu\/"},{"@type":"ListItem","position":2,"name":"Pravila privatnosti"}]},{"@type":"WebSite","@id":"https:\/\/edihadria.eu\/#website","url":"https:\/\/edihadria.eu\/","name":"","description":"","potentialAction":[{"@type":"SearchAction","target":{"@type":"EntryPoint","urlTemplate":"https:\/\/edihadria.eu\/?s={search_term_string}"},"query-input":{"@type":"PropertyValueSpecification","valueRequired":true,"valueName":"search_term_string"}}],"inLanguage":"it-IT"}]}},"_links":{"self":[{"href":"https:\/\/edihadria.eu\/it\/wp-json\/wp\/v2\/pages\/3","targetHints":{"allow":["GET"]}}],"collection":[{"href":"https:\/\/edihadria.eu\/it\/wp-json\/wp\/v2\/pages"}],"about":[{"href":"https:\/\/edihadria.eu\/it\/wp-json\/wp\/v2\/types\/page"}],"author":[{"embeddable":true,"href":"https:\/\/edihadria.eu\/it\/wp-json\/wp\/v2\/users\/1"}],"replies":[{"embeddable":true,"href":"https:\/\/edihadria.eu\/it\/wp-json\/wp\/v2\/comments?post=3"}],"version-history":[{"count":53,"href":"https:\/\/edihadria.eu\/it\/wp-json\/wp\/v2\/pages\/3\/revisions"}],"predecessor-version":[{"id":12482,"href":"https:\/\/edihadria.eu\/it\/wp-json\/wp\/v2\/pages\/3\/revisions\/12482"}],"wp:attachment":[{"href":"https:\/\/edihadria.eu\/it\/wp-json\/wp\/v2\/media?parent=3"}],"curies":[{"name":"wp","href":"https:\/\/api.w.org\/{rel}","templated":true}]}}