{"id":3101,"date":"2023-07-26T15:19:04","date_gmt":"2023-07-26T13:19:04","guid":{"rendered":"https:\/\/edihadria.eu\/?page_id=3101"},"modified":"2024-10-23T13:37:27","modified_gmt":"2024-10-23T11:37:27","slug":"dap-i-fco","status":"publish","type":"page","link":"https:\/\/edihadria.eu\/it\/dap-i-fco\/","title":{"rendered":"DAP e FCO"},"content":{"rendered":"<div data-elementor-type=\"wp-page\" data-elementor-id=\"3101\" class=\"elementor elementor-3101\" data-elementor-post-type=\"page\">\n\t\t\t\t\t\t<section class=\"elementor-section elementor-top-section elementor-element elementor-element-3a5ef2e elementor-section-boxed elementor-section-height-default elementor-section-height-default\" data-id=\"3a5ef2e\" data-element_type=\"section\" data-e-type=\"section\">\n\t\t\t\t\t\t<div class=\"elementor-container elementor-column-gap-no\">\n\t\t\t\t\t<div class=\"elementor-column elementor-col-50 elementor-top-column elementor-element elementor-element-008220d\" data-id=\"008220d\" data-element_type=\"column\" data-e-type=\"column\">\n\t\t\t<div class=\"elementor-widget-wrap elementor-element-populated\">\n\t\t\t\t\t\t<div class=\"elementor-element elementor-element-94a161e elementor-widget__width-initial elementor-widget-mobile__width-inherit elementor-widget elementor-widget-text-editor\" data-id=\"94a161e\" data-element_type=\"widget\" data-e-type=\"widget\" data-widget_type=\"text-editor.default\">\n\t\t\t\t<div class=\"elementor-widget-container\">\n\t\t\t\t\t\t\t\t\t<p>I nostri servizi<\/p>\t\t\t\t\t\t\t\t<\/div>\n\t\t\t\t<\/div>\n\t\t\t\t<div class=\"elementor-element elementor-element-81050a6 elementor-widget__width-initial elementor-widget-mobile__width-inherit elementor-widget elementor-widget-text-editor\" data-id=\"81050a6\" data-element_type=\"widget\" data-e-type=\"widget\" data-widget_type=\"text-editor.default\">\n\t\t\t\t<div class=\"elementor-widget-container\">\n\t\t\t\t\t\t\t\t\t<p><span style=\"color: #202000;\">DAP e FCO<br \/><\/span><\/p>\t\t\t\t\t\t\t\t<\/div>\n\t\t\t\t<\/div>\n\t\t\t\t\t<\/div>\n\t\t<\/div>\n\t\t\t\t<div class=\"elementor-column elementor-col-50 elementor-top-column elementor-element elementor-element-87fa703\" data-id=\"87fa703\" data-element_type=\"column\" data-e-type=\"column\">\n\t\t\t<div class=\"elementor-widget-wrap elementor-element-populated\">\n\t\t\t\t\t\t<div class=\"elementor-element elementor-element-7ae64ba elementor-widget elementor-widget-image\" data-id=\"7ae64ba\" data-element_type=\"widget\" data-e-type=\"widget\" data-widget_type=\"image.default\">\n\t\t\t\t<div class=\"elementor-widget-container\">\n\t\t\t\t\t\t\t\t\t\t\t\t\t\t\t<img fetchpriority=\"high\" decoding=\"async\" width=\"833\" height=\"160\" src=\"https:\/\/edihadria.eu\/wp-content\/uploads\/2023\/07\/07.png\" class=\"attachment-full size-full wp-image-2528\" alt=\"\" srcset=\"https:\/\/edihadria.eu\/wp-content\/uploads\/2023\/07\/07.png 833w, https:\/\/edihadria.eu\/wp-content\/uploads\/2023\/07\/07-300x58.png 300w, https:\/\/edihadria.eu\/wp-content\/uploads\/2023\/07\/07-768x148.png 768w\" sizes=\"(max-width: 833px) 100vw, 833px\" \/>\t\t\t\t\t\t\t\t\t\t\t\t\t\t\t<\/div>\n\t\t\t\t<\/div>\n\t\t\t\t\t<\/div>\n\t\t<\/div>\n\t\t\t\t\t<\/div>\n\t\t<\/section>\n\t\t\t\t<section class=\"elementor-section elementor-top-section elementor-element elementor-element-31118af elementor-section-boxed elementor-section-height-default elementor-section-height-default\" data-id=\"31118af\" data-element_type=\"section\" data-e-type=\"section\">\n\t\t\t\t\t\t<div class=\"elementor-container elementor-column-gap-no\">\n\t\t\t\t\t<div class=\"elementor-column elementor-col-100 elementor-top-column elementor-element elementor-element-e8de65d\" data-id=\"e8de65d\" data-element_type=\"column\" data-e-type=\"column\" data-settings=\"{&quot;background_background&quot;:&quot;classic&quot;}\">\n\t\t\t<div class=\"elementor-widget-wrap elementor-element-populated\">\n\t\t\t\t\t\t<div class=\"elementor-element elementor-element-3c61cdc elementor-widget__width-initial elementor-widget-mobile__width-inherit elementor-widget elementor-widget-text-editor\" data-id=\"3c61cdc\" data-element_type=\"widget\" data-e-type=\"widget\" data-widget_type=\"text-editor.default\">\n\t\t\t\t<div class=\"elementor-widget-container\">\n\t\t\t\t\t\t\t\t\t<p>Oltre ai servizi Test prima di investire, e l'implementazione di Bootcamp e formazione su misura per le esigenze di una singola organizzazione, all'interno del catalogo dei servizi offerti dal consorzio EDIH Adria \u00e8 anche un servizio <strong>sostegno per l'accesso ai finanziamenti<\/strong> Ci\u00f2 comporta la progettazione (attuazione) di un progetto di trasformazione digitale, ma anche una valutazione della capacit\u00e0 finanziaria per la trasformazione digitale.<\/p>\t\t\t\t\t\t\t\t<\/div>\n\t\t\t\t<\/div>\n\t\t\t\t\t<\/div>\n\t\t<\/div>\n\t\t\t\t\t<\/div>\n\t\t<\/section>\n\t\t<div class=\"elementor-element elementor-element-c23d0d9 e-flex e-con-boxed e-con e-parent\" data-id=\"c23d0d9\" data-element_type=\"container\" data-e-type=\"container\">\n\t\t\t\t\t<div class=\"e-con-inner\">\n\t\t\t\t<div class=\"elementor-element elementor-element-431dcf3 elementor-widget elementor-widget-text-editor\" data-id=\"431dcf3\" data-element_type=\"widget\" data-e-type=\"widget\" data-widget_type=\"text-editor.default\">\n\t\t\t\t<div class=\"elementor-widget-container\">\n\t\t\t\t\t\t\t\t\t<p>Si tratta di attivit\u00e0 che implicano supporto dopo l'implementazione, e con questi passaggi eviteremo il fallimento nel processo di implementazione di nuove soluzioni e anticiperemo possibili sfide, al fine di evitare tendenze sempre pi\u00f9 sfavorevoli nello sviluppo di nuovi prodotti e servizi.\u00a0 E mentre sar\u00e0 <strong>Progetto (attuazione) del progetto di trasformazione digitale<\/strong> fornire agli utenti un sostegno supplementare nel processo di trasformazione digitale che soddisfi le loro esigenze e i loro obiettivi; <strong>Valutazione della capacit\u00e0 finanziaria<\/strong> far\u00e0 un altro passo avanti e comprender\u00e0 la valutazione della capacit\u00e0 finanziaria dei beneficiari, ma anche la consulenza sul (co)finanziamento dell'UE e il collegamento con vari strumenti finanziari (investimenti, banche commerciali...).<\/p>\t\t\t\t\t\t\t\t<\/div>\n\t\t\t\t<\/div>\n\t\t\t\t\t<\/div>\n\t\t\t\t<\/div>\n\t\t<div class=\"elementor-element elementor-element-847cd55 e-flex e-con-boxed e-con e-parent\" data-id=\"847cd55\" data-element_type=\"container\" data-e-type=\"container\">\n\t\t\t\t\t<div class=\"e-con-inner\">\n\t\t\t\t<div class=\"elementor-element elementor-element-1a1592b elementor-widget elementor-widget-text-editor\" data-id=\"1a1592b\" data-element_type=\"widget\" data-e-type=\"widget\" data-widget_type=\"text-editor.default\">\n\t\t\t\t<div class=\"elementor-widget-container\">\n\t\t\t\t\t\t\t\t\t<p>I futuri utenti saranno supportati nella ricerca di nuove opportunit\u00e0 di business e mercati, nell'internazionalizzazione delle imprese e nel rafforzamento della cooperazione attraverso il networking e l'impegno attivo nell'ecosistema dell'innovazione.<\/p>\t\t\t\t\t\t\t\t<\/div>\n\t\t\t\t<\/div>\n\t\t\t\t\t<\/div>\n\t\t\t\t<\/div>\n\t\t<div class=\"elementor-element elementor-element-6e1d39d e-flex e-con-boxed e-con e-parent\" data-id=\"6e1d39d\" data-element_type=\"container\" data-e-type=\"container\">\n\t\t\t\t\t<div class=\"e-con-inner\">\n\t\t\t\t<div class=\"elementor-element elementor-element-36dd9e6 elementor-widget elementor-widget-image\" data-id=\"36dd9e6\" data-element_type=\"widget\" data-e-type=\"widget\" data-widget_type=\"image.default\">\n\t\t\t\t<div class=\"elementor-widget-container\">\n\t\t\t\t\t\t\t\t\t\t\t\t\t\t\t<img decoding=\"async\" width=\"1600\" height=\"24\" src=\"https:\/\/edihadria.eu\/wp-content\/uploads\/2023\/07\/13-03.jpg\" class=\"attachment-full size-full wp-image-3109\" alt=\"\" srcset=\"https:\/\/edihadria.eu\/wp-content\/uploads\/2023\/07\/13-03.jpg 1600w, https:\/\/edihadria.eu\/wp-content\/uploads\/2023\/07\/13-03-300x5.jpg 300w, https:\/\/edihadria.eu\/wp-content\/uploads\/2023\/07\/13-03-1024x15.jpg 1024w, https:\/\/edihadria.eu\/wp-content\/uploads\/2023\/07\/13-03-768x12.jpg 768w, https:\/\/edihadria.eu\/wp-content\/uploads\/2023\/07\/13-03-1536x23.jpg 1536w\" sizes=\"(max-width: 1600px) 100vw, 1600px\" \/>\t\t\t\t\t\t\t\t\t\t\t\t\t\t\t<\/div>\n\t\t\t\t<\/div>\n\t\t\t\t\t<\/div>\n\t\t\t\t<\/div>\n\t\t\t\t<section class=\"elementor-section elementor-top-section elementor-element elementor-element-7f05abf elementor-reverse-tablet elementor-reverse-mobile elementor-section-boxed elementor-section-height-default elementor-section-height-default\" data-id=\"7f05abf\" data-element_type=\"section\" data-e-type=\"section\">\n\t\t\t\t\t\t<div class=\"elementor-container elementor-column-gap-no\">\n\t\t\t\t\t<div class=\"elementor-column elementor-col-50 elementor-top-column elementor-element elementor-element-e20163e\" data-id=\"e20163e\" data-element_type=\"column\" data-e-type=\"column\">\n\t\t\t<div class=\"elementor-widget-wrap elementor-element-populated\">\n\t\t\t\t\t\t<div class=\"elementor-element elementor-element-bcc100e elementor-widget__width-initial elementor-widget-mobile__width-inherit elementor-widget elementor-widget-text-editor\" data-id=\"bcc100e\" data-element_type=\"widget\" data-e-type=\"widget\" data-widget_type=\"text-editor.default\">\n\t\t\t\t<div class=\"elementor-widget-container\">\n\t\t\t\t\t\t\t\t\t<p>Un ruolo importante del consorzio EDIH Adria sar\u00e0 anche <strong>Creare un ecosistema dell'innovazione<\/strong> che incoragger\u00e0, motiver\u00e0 e creer\u00e0 un ambiente a livello regionale che sosterr\u00e0 l'attuazione di diverse tecnologie e la trasformazione digitale a livello locale, regionale e nazionale.\u00a0<\/p>\t\t\t\t\t\t\t\t<\/div>\n\t\t\t\t<\/div>\n\t\t\t\t\t<\/div>\n\t\t<\/div>\n\t\t\t\t<div class=\"elementor-column elementor-col-50 elementor-top-column elementor-element elementor-element-a6eec06\" data-id=\"a6eec06\" data-element_type=\"column\" data-e-type=\"column\">\n\t\t\t<div class=\"elementor-widget-wrap elementor-element-populated\">\n\t\t\t\t\t\t<div class=\"elementor-element elementor-element-5446f49 elementor-widget elementor-widget-image\" data-id=\"5446f49\" data-element_type=\"widget\" data-e-type=\"widget\" data-widget_type=\"image.default\">\n\t\t\t\t<div class=\"elementor-widget-container\">\n\t\t\t\t\t\t\t\t\t\t\t\t\t\t\t<img decoding=\"async\" width=\"171\" height=\"408\" src=\"https:\/\/edihadria.eu\/wp-content\/uploads\/2023\/07\/Robot-zarulja-smaller.png\" class=\"attachment-full size-full wp-image-3528\" alt=\"\" srcset=\"https:\/\/edihadria.eu\/wp-content\/uploads\/2023\/07\/Robot-zarulja-smaller.png 171w, https:\/\/edihadria.eu\/wp-content\/uploads\/2023\/07\/Robot-zarulja-smaller-126x300.png 126w\" sizes=\"(max-width: 171px) 100vw, 171px\" \/>\t\t\t\t\t\t\t\t\t\t\t\t\t\t\t<\/div>\n\t\t\t\t<\/div>\n\t\t\t\t\t<\/div>\n\t\t<\/div>\n\t\t\t\t\t<\/div>\n\t\t<\/section>\n\t\t\t\t<section class=\"elementor-section elementor-top-section elementor-element elementor-element-627ed50 elementor-section-boxed elementor-section-height-default elementor-section-height-default\" data-id=\"627ed50\" data-element_type=\"section\" data-e-type=\"section\">\n\t\t\t\t\t\t<div class=\"elementor-container elementor-column-gap-no\">\n\t\t\t\t\t<div class=\"elementor-column elementor-col-50 elementor-top-column elementor-element elementor-element-277fda6\" data-id=\"277fda6\" data-element_type=\"column\" data-e-type=\"column\">\n\t\t\t<div class=\"elementor-widget-wrap elementor-element-populated\">\n\t\t\t\t\t\t<div class=\"elementor-element elementor-element-70b87e6 elementor-widget elementor-widget-text-editor\" data-id=\"70b87e6\" data-element_type=\"widget\" data-e-type=\"widget\" data-widget_type=\"text-editor.default\">\n\t\t\t\t<div class=\"elementor-widget-container\">\n\t\t\t\t\t\t\t\t\t<p>Poich\u00e9 uno dei principali problemi croati \u00e8 la mancanza di cooperazione tra l'economia e la comunit\u00e0 della ricerca scientifica su progetti concreti, o troppo pochi progetti commerciali che sono il risultato di tale cooperazione, EDIH Adria incoragger\u00e0 la cooperazione tra imprenditori e organizzazioni per la ricerca e la diffusione delle conoscenze sui progetti di ricerca e sviluppo.<\/p>\t\t\t\t\t\t\t\t<\/div>\n\t\t\t\t<\/div>\n\t\t\t\t\t<\/div>\n\t\t<\/div>\n\t\t\t\t<div class=\"elementor-column elementor-col-50 elementor-top-column elementor-element elementor-element-52fc460\" data-id=\"52fc460\" data-element_type=\"column\" data-e-type=\"column\">\n\t\t\t<div class=\"elementor-widget-wrap elementor-element-populated\">\n\t\t\t\t\t\t<div class=\"elementor-element elementor-element-24dfee0 elementor-widget elementor-widget-image\" data-id=\"24dfee0\" data-element_type=\"widget\" data-e-type=\"widget\" data-widget_type=\"image.default\">\n\t\t\t\t<div class=\"elementor-widget-container\">\n\t\t\t\t\t\t\t\t\t\t\t\t\t\t\t<img loading=\"lazy\" decoding=\"async\" width=\"657\" height=\"13\" src=\"https:\/\/edihadria.eu\/wp-content\/uploads\/2023\/07\/N5-.ai_.png\" class=\"attachment-full size-full wp-image-1573\" alt=\"\" srcset=\"https:\/\/edihadria.eu\/wp-content\/uploads\/2023\/07\/N5-.ai_.png 657w, https:\/\/edihadria.eu\/wp-content\/uploads\/2023\/07\/N5-.ai_-300x6.png 300w\" sizes=\"(max-width: 657px) 100vw, 657px\" \/>\t\t\t\t\t\t\t\t\t\t\t\t\t\t\t<\/div>\n\t\t\t\t<\/div>\n\t\t\t\t\t<\/div>\n\t\t<\/div>\n\t\t\t\t\t<\/div>\n\t\t<\/section>\n\t\t\t\t<section class=\"elementor-section elementor-top-section elementor-element elementor-element-f8c3e77 elementor-section-boxed elementor-section-height-default elementor-section-height-default\" data-id=\"f8c3e77\" data-element_type=\"section\" data-e-type=\"section\">\n\t\t\t\t\t\t<div class=\"elementor-container elementor-column-gap-no\">\n\t\t\t\t\t<div class=\"elementor-column elementor-col-33 elementor-top-column elementor-element elementor-element-cda563f\" data-id=\"cda563f\" data-element_type=\"column\" data-e-type=\"column\">\n\t\t\t<div class=\"elementor-widget-wrap\">\n\t\t\t\t\t\t\t<\/div>\n\t\t<\/div>\n\t\t\t\t<div class=\"elementor-column elementor-col-33 elementor-top-column elementor-element elementor-element-25cdcc2\" data-id=\"25cdcc2\" data-element_type=\"column\" data-e-type=\"column\" data-settings=\"{&quot;background_background&quot;:&quot;classic&quot;}\">\n\t\t\t<div class=\"elementor-widget-wrap elementor-element-populated\">\n\t\t\t\t\t\t<div class=\"elementor-element elementor-element-2fa0cd8 animated-slow elementor-invisible elementor-widget elementor-widget-heading\" data-id=\"2fa0cd8\" data-element_type=\"widget\" data-e-type=\"widget\" data-settings=\"{&quot;_animation&quot;:&quot;pulse&quot;}\" data-widget_type=\"heading.default\">\n\t\t\t\t<div class=\"elementor-widget-container\">\n\t\t\t\t\t<h1 class=\"elementor-heading-title elementor-size-default\"><a href=\"https:\/\/edihadria.eu\/it\/dapfco-javni-poziv\/\">Accedi<\/a><\/h1>\t\t\t\t<\/div>\n\t\t\t\t<\/div>\n\t\t\t\t<div class=\"elementor-element elementor-element-ce3dfd8 elementor-widget-divider--view-line elementor-invisible elementor-widget elementor-widget-divider\" data-id=\"ce3dfd8\" data-element_type=\"widget\" data-e-type=\"widget\" data-settings=\"{&quot;_animation&quot;:&quot;slideInLeft&quot;}\" data-widget_type=\"divider.default\">\n\t\t\t\t<div class=\"elementor-widget-container\">\n\t\t\t\t\t\t\t<div class=\"elementor-divider\">\n\t\t\t<span class=\"elementor-divider-separator\">\n\t\t\t\t\t\t<\/span>\n\t\t<\/div>\n\t\t\t\t\t\t<\/div>\n\t\t\t\t<\/div>\n\t\t\t\t\t<\/div>\n\t\t<\/div>\n\t\t\t\t<div class=\"elementor-column elementor-col-33 elementor-top-column elementor-element elementor-element-beeaaeb\" data-id=\"beeaaeb\" data-element_type=\"column\" data-e-type=\"column\">\n\t\t\t<div class=\"elementor-widget-wrap\">\n\t\t\t\t\t\t\t<\/div>\n\t\t<\/div>\n\t\t\t\t\t<\/div>\n\t\t<\/section>\n\t\t\t\t<\/div>","protected":false},"excerpt":{"rendered":"<p>Oltre ai servizi Test before invest, e all'implementazione di Bootcamp e formazione su misura per le esigenze di una singola organizzazione, all'interno del catalogo dei servizi offerti dal consorzio EDIH Adria \u00e8 anche un servizio di supporto per l'accesso alle risorse finanziarie che comprende una bozza (implementazione) di un progetto di trasformazione digitale, ma anche una valutazione della capacit\u00e0 finanziaria per la trasformazione digitale. Si tratta di attivit\u00e0 [...]<\/p>","protected":false},"author":14,"featured_media":0,"parent":0,"menu_order":0,"comment_status":"closed","ping_status":"closed","template":"elementor_header_footer","meta":{"footnotes":""},"class_list":["post-3101","page","type-page","status-publish","hentry"],"yoast_head":"<!-- This site is optimized with the Yoast SEO plugin v27.4 - https:\/\/yoast.com\/product\/yoast-seo-wordpress\/ -->\n<title>DAP &amp; FCO<\/title>\n<meta name=\"description\" content=\"EDIH Adria (European Digital Innovation HUB), projekt financiran iz programa Digitalna Europa i Nacionalnog plana oporavka i otpornosti \u010diji je glavni cilj omogu\u0107avanje malim poduzetnicima i jedinicama lokalne samouprave ubrzanje procesa digitalizacije njihovih organizacija, pospje\u0161ivanje inovacijskog procesa, stvaranje prilika za testiranje ideja i rje\u0161enja prije po\u010detka investicijskog procesa.\" \/>\n<meta name=\"robots\" content=\"index, follow, max-snippet:-1, max-image-preview:large, max-video-preview:-1\" \/>\n<link rel=\"canonical\" href=\"https:\/\/edihadria.eu\/it\/dap-i-fco\/\" \/>\n<meta property=\"og:locale\" content=\"it_IT\" \/>\n<meta property=\"og:type\" content=\"article\" \/>\n<meta property=\"og:title\" content=\"DAP &amp; FCO\" \/>\n<meta property=\"og:description\" content=\"EDIH Adria (European Digital Innovation HUB), projekt financiran iz programa Digitalna Europa i Nacionalnog plana oporavka i otpornosti \u010diji je glavni cilj omogu\u0107avanje malim poduzetnicima i jedinicama lokalne samouprave ubrzanje procesa digitalizacije njihovih organizacija, pospje\u0161ivanje inovacijskog procesa, stvaranje prilika za testiranje ideja i rje\u0161enja prije po\u010detka investicijskog procesa.\" \/>\n<meta property=\"og:url\" content=\"https:\/\/edihadria.eu\/it\/dap-i-fco\/\" \/>\n<meta property=\"article:modified_time\" content=\"2024-10-23T11:37:27+00:00\" \/>\n<meta property=\"og:image\" content=\"https:\/\/edihadria.eu\/wp-content\/uploads\/2023\/07\/07.png\" \/>\n\t<meta property=\"og:image:width\" content=\"833\" \/>\n\t<meta property=\"og:image:height\" content=\"160\" \/>\n\t<meta property=\"og:image:type\" content=\"image\/png\" \/>\n<meta name=\"twitter:card\" content=\"summary_large_image\" \/>\n<meta name=\"twitter:label1\" content=\"Tempo di lettura stimato\" \/>\n\t<meta name=\"twitter:data1\" content=\"3 minutes\" \/>\n<script type=\"application\/ld+json\" class=\"yoast-schema-graph\">{\"@context\":\"https:\\\/\\\/schema.org\",\"@graph\":[{\"@type\":\"WebPage\",\"@id\":\"https:\\\/\\\/edihadria.eu\\\/dap-i-fco\\\/\",\"url\":\"https:\\\/\\\/edihadria.eu\\\/dap-i-fco\\\/\",\"name\":\"DAP & FCO\",\"isPartOf\":{\"@id\":\"https:\\\/\\\/edihadria.eu\\\/#website\"},\"primaryImageOfPage\":{\"@id\":\"https:\\\/\\\/edihadria.eu\\\/dap-i-fco\\\/#primaryimage\"},\"image\":{\"@id\":\"https:\\\/\\\/edihadria.eu\\\/dap-i-fco\\\/#primaryimage\"},\"thumbnailUrl\":\"https:\\\/\\\/edihadria.eu\\\/wp-content\\\/uploads\\\/2023\\\/07\\\/07.png\",\"datePublished\":\"2023-07-26T13:19:04+00:00\",\"dateModified\":\"2024-10-23T11:37:27+00:00\",\"description\":\"EDIH Adria (European Digital Innovation HUB), projekt financiran iz programa Digitalna Europa i Nacionalnog plana oporavka i otpornosti \u010diji je glavni cilj omogu\u0107avanje malim poduzetnicima i jedinicama lokalne samouprave ubrzanje procesa digitalizacije njihovih organizacija, pospje\u0161ivanje inovacijskog procesa, stvaranje prilika za testiranje ideja i rje\u0161enja prije po\u010detka investicijskog procesa.\",\"breadcrumb\":{\"@id\":\"https:\\\/\\\/edihadria.eu\\\/dap-i-fco\\\/#breadcrumb\"},\"inLanguage\":\"it-IT\",\"potentialAction\":[{\"@type\":\"ReadAction\",\"target\":[\"https:\\\/\\\/edihadria.eu\\\/dap-i-fco\\\/\"]}]},{\"@type\":\"ImageObject\",\"inLanguage\":\"it-IT\",\"@id\":\"https:\\\/\\\/edihadria.eu\\\/dap-i-fco\\\/#primaryimage\",\"url\":\"https:\\\/\\\/edihadria.eu\\\/wp-content\\\/uploads\\\/2023\\\/07\\\/07.png\",\"contentUrl\":\"https:\\\/\\\/edihadria.eu\\\/wp-content\\\/uploads\\\/2023\\\/07\\\/07.png\"},{\"@type\":\"BreadcrumbList\",\"@id\":\"https:\\\/\\\/edihadria.eu\\\/dap-i-fco\\\/#breadcrumb\",\"itemListElement\":[{\"@type\":\"ListItem\",\"position\":1,\"name\":\"Po\u010detna stranica\",\"item\":\"https:\\\/\\\/edihadria.eu\\\/\"},{\"@type\":\"ListItem\",\"position\":2,\"name\":\"DAP &#038; FCO\"}]},{\"@type\":\"WebSite\",\"@id\":\"https:\\\/\\\/edihadria.eu\\\/#website\",\"url\":\"https:\\\/\\\/edihadria.eu\\\/\",\"name\":\"\",\"description\":\"\",\"potentialAction\":[{\"@type\":\"SearchAction\",\"target\":{\"@type\":\"EntryPoint\",\"urlTemplate\":\"https:\\\/\\\/edihadria.eu\\\/?s={search_term_string}\"},\"query-input\":{\"@type\":\"PropertyValueSpecification\",\"valueRequired\":true,\"valueName\":\"search_term_string\"}}],\"inLanguage\":\"it-IT\"}]}<\/script>\n<!-- \/ Yoast SEO plugin. -->","yoast_head_json":{"title":"DAP & FCO","description":"EDIH Adria (European Digital Innovation HUB), projekt financiran iz programa Digitalna Europa i Nacionalnog plana oporavka i otpornosti \u010diji je glavni cilj omogu\u0107avanje malim poduzetnicima i jedinicama lokalne samouprave ubrzanje procesa digitalizacije njihovih organizacija, pospje\u0161ivanje inovacijskog procesa, stvaranje prilika za testiranje ideja i rje\u0161enja prije po\u010detka investicijskog procesa.","robots":{"index":"index","follow":"follow","max-snippet":"max-snippet:-1","max-image-preview":"max-image-preview:large","max-video-preview":"max-video-preview:-1"},"canonical":"https:\/\/edihadria.eu\/it\/dap-i-fco\/","og_locale":"it_IT","og_type":"article","og_title":"DAP & FCO","og_description":"EDIH Adria (European Digital Innovation HUB), projekt financiran iz programa Digitalna Europa i Nacionalnog plana oporavka i otpornosti \u010diji je glavni cilj omogu\u0107avanje malim poduzetnicima i jedinicama lokalne samouprave ubrzanje procesa digitalizacije njihovih organizacija, pospje\u0161ivanje inovacijskog procesa, stvaranje prilika za testiranje ideja i rje\u0161enja prije po\u010detka investicijskog procesa.","og_url":"https:\/\/edihadria.eu\/it\/dap-i-fco\/","article_modified_time":"2024-10-23T11:37:27+00:00","og_image":[{"width":833,"height":160,"url":"https:\/\/edihadria.eu\/wp-content\/uploads\/2023\/07\/07.png","type":"image\/png"}],"twitter_card":"summary_large_image","twitter_misc":{"Tempo di lettura stimato":"3 minutes"},"schema":{"@context":"https:\/\/schema.org","@graph":[{"@type":"WebPage","@id":"https:\/\/edihadria.eu\/dap-i-fco\/","url":"https:\/\/edihadria.eu\/dap-i-fco\/","name":"DAP & FCO","isPartOf":{"@id":"https:\/\/edihadria.eu\/#website"},"primaryImageOfPage":{"@id":"https:\/\/edihadria.eu\/dap-i-fco\/#primaryimage"},"image":{"@id":"https:\/\/edihadria.eu\/dap-i-fco\/#primaryimage"},"thumbnailUrl":"https:\/\/edihadria.eu\/wp-content\/uploads\/2023\/07\/07.png","datePublished":"2023-07-26T13:19:04+00:00","dateModified":"2024-10-23T11:37:27+00:00","description":"EDIH Adria (European Digital Innovation HUB), projekt financiran iz programa Digitalna Europa i Nacionalnog plana oporavka i otpornosti \u010diji je glavni cilj omogu\u0107avanje malim poduzetnicima i jedinicama lokalne samouprave ubrzanje procesa digitalizacije njihovih organizacija, pospje\u0161ivanje inovacijskog procesa, stvaranje prilika za testiranje ideja i rje\u0161enja prije po\u010detka investicijskog procesa.","breadcrumb":{"@id":"https:\/\/edihadria.eu\/dap-i-fco\/#breadcrumb"},"inLanguage":"it-IT","potentialAction":[{"@type":"ReadAction","target":["https:\/\/edihadria.eu\/dap-i-fco\/"]}]},{"@type":"ImageObject","inLanguage":"it-IT","@id":"https:\/\/edihadria.eu\/dap-i-fco\/#primaryimage","url":"https:\/\/edihadria.eu\/wp-content\/uploads\/2023\/07\/07.png","contentUrl":"https:\/\/edihadria.eu\/wp-content\/uploads\/2023\/07\/07.png"},{"@type":"BreadcrumbList","@id":"https:\/\/edihadria.eu\/dap-i-fco\/#breadcrumb","itemListElement":[{"@type":"ListItem","position":1,"name":"Po\u010detna stranica","item":"https:\/\/edihadria.eu\/"},{"@type":"ListItem","position":2,"name":"DAP &#038; FCO"}]},{"@type":"WebSite","@id":"https:\/\/edihadria.eu\/#website","url":"https:\/\/edihadria.eu\/","name":"","description":"","potentialAction":[{"@type":"SearchAction","target":{"@type":"EntryPoint","urlTemplate":"https:\/\/edihadria.eu\/?s={search_term_string}"},"query-input":{"@type":"PropertyValueSpecification","valueRequired":true,"valueName":"search_term_string"}}],"inLanguage":"it-IT"}]}},"_links":{"self":[{"href":"https:\/\/edihadria.eu\/it\/wp-json\/wp\/v2\/pages\/3101","targetHints":{"allow":["GET"]}}],"collection":[{"href":"https:\/\/edihadria.eu\/it\/wp-json\/wp\/v2\/pages"}],"about":[{"href":"https:\/\/edihadria.eu\/it\/wp-json\/wp\/v2\/types\/page"}],"author":[{"embeddable":true,"href":"https:\/\/edihadria.eu\/it\/wp-json\/wp\/v2\/users\/14"}],"replies":[{"embeddable":true,"href":"https:\/\/edihadria.eu\/it\/wp-json\/wp\/v2\/comments?post=3101"}],"version-history":[{"count":67,"href":"https:\/\/edihadria.eu\/it\/wp-json\/wp\/v2\/pages\/3101\/revisions"}],"predecessor-version":[{"id":9248,"href":"https:\/\/edihadria.eu\/it\/wp-json\/wp\/v2\/pages\/3101\/revisions\/9248"}],"wp:attachment":[{"href":"https:\/\/edihadria.eu\/it\/wp-json\/wp\/v2\/media?parent=3101"}],"curies":[{"name":"wp","href":"https:\/\/api.w.org\/{rel}","templated":true}]}}